{"id":4492,"date":"2020-11-04T11:32:52","date_gmt":"2020-11-04T11:32:52","guid":{"rendered":"https:\/\/altalenaitaly.com\/informacion\/guia-de-tallas\/"},"modified":"2020-11-04T11:33:01","modified_gmt":"2020-11-04T11:33:01","slug":"guia-de-tallas","status":"publish","type":"page","link":"https:\/\/altalenaitaly.com\/?page_id=4492&lang=es","title":{"rendered":"GUIA DE TALLAS"},"content":{"rendered":"<p>[et_pb_section fb_built=&#8221;1&#8243; _builder_version=&#8221;4.6.5&#8243; _module_preset=&#8221;default&#8221;][et_pb_row _builder_version=&#8221;4.6.5&#8243; _module_preset=&#8221;default&#8221;][et_pb_column type=&#8221;4_4&#8243; _builder_version=&#8221;4.6.5&#8243; _module_preset=&#8221;default&#8221;][et_pb_post_title meta=&#8221;off&#8221; _builder_version=&#8221;4.6.6&#8243; _module_preset=&#8221;default&#8221; title_font=&#8221;|||on|||||&#8221; text_orientation=&#8221;center&#8221;][\/et_pb_post_title][et_pb_text _builder_version=&#8221;4.6.6&#8243; _module_preset=&#8221;default&#8221; text_font_size=&#8221;16px&#8221; text_line_height=&#8221;1.6em&#8221; link_font=&#8221;||||on|||#000000|&#8221; link_text_color=&#8221;#000000&#8243; header_3_font=&#8221;|600|||||||&#8221;]<\/p>\n<p><b>\u00bfCu\u00e1l es la medida de anillo perfecta para t\u00ed?<\/b><\/p>\n<p><span style=\"font-weight: 400;\">Si no sabes cu\u00e1l es tu talla de anillo, no te preocupes, podemos ayudarte. Solo tienes que seguir estos pasos:<\/span><\/p>\n<ol>\n<li style=\"font-weight: 400;\"><span style=\"font-weight: 400;\">Escoge un anillo que te sea c\u00f3modo para utilizar en el dedo en el que quieres llevar el anillo. Si no tienes ninguno a mano, puedes usar un hilo y enrrollarlo en la zona donde ir\u00eda el anillo.<\/span><\/li>\n<\/ol>\n<ol>\n<li style=\"font-weight: 400;\"><span style=\"font-weight: 400;\">\u00a0Mide el di\u00e1metro interno del anillo (o el hilo en mm con una regla.<\/span><\/li>\n<\/ol>\n<ol>\n<li style=\"font-weight: 400;\"><span style=\"font-weight: 400;\">Compara la medida obtenida en la tabla de equivalencias para saber tu talla de anillo.<\/span><\/li>\n<\/ol>\n<p>[\/et_pb_text][et_pb_text _builder_version=&#8221;4.6.6&#8243; _module_preset=&#8221;default&#8221; text_font_size=&#8221;16px&#8221; text_line_height=&#8221;1.6em&#8221; link_font=&#8221;||||on|||#000000|&#8221; link_text_color=&#8221;#000000&#8243; header_3_font=&#8221;|600|||||||&#8221; hover_enabled=&#8221;0&#8243; sticky_enabled=&#8221;0&#8243;]<\/p>\n<div style=\"overflow-x: auto;\">\n<table style=\"border-color: #000; background-color: #ece6d4;\">\n<tbody>\n<tr>\n<td><strong>Diametro interno (mm)<\/strong><\/td>\n<td><b><img loading=\"lazy\" decoding=\"async\" class=\"wp-image-3631 alignnone size-full\" style=\"float: left;\" src=\"https:\/\/altalenaitaly.com\/wp-content\/uploads\/2020\/10\/anello-misura.jpg\" alt=\"\" width=\"137\" height=\"137\" srcset=\"https:\/\/altalenaitaly.com\/wp-content\/uploads\/2020\/10\/anello-misura.jpg 137w, https:\/\/altalenaitaly.com\/wp-content\/uploads\/2020\/10\/anello-misura-24x24.jpg 24w, https:\/\/altalenaitaly.com\/wp-content\/uploads\/2020\/10\/anello-misura-36x36.jpg 36w, https:\/\/altalenaitaly.com\/wp-content\/uploads\/2020\/10\/anello-misura-48x48.jpg 48w, https:\/\/altalenaitaly.com\/wp-content\/uploads\/2020\/10\/anello-misura-100x100.jpg 100w\" sizes=\"(max-width: 137px) 100vw, 137px\" \/><\/b> <b>16.8 mm<\/b><\/td>\n<td><b><img loading=\"lazy\" decoding=\"async\" class=\"wp-image-3631 alignnone size-full\" style=\"float: left;\" src=\"https:\/\/altalenaitaly.com\/wp-content\/uploads\/2020\/10\/anello-misura.jpg\" alt=\"\" width=\"137\" height=\"137\" srcset=\"https:\/\/altalenaitaly.com\/wp-content\/uploads\/2020\/10\/anello-misura.jpg 137w, https:\/\/altalenaitaly.com\/wp-content\/uploads\/2020\/10\/anello-misura-24x24.jpg 24w, https:\/\/altalenaitaly.com\/wp-content\/uploads\/2020\/10\/anello-misura-36x36.jpg 36w, https:\/\/altalenaitaly.com\/wp-content\/uploads\/2020\/10\/anello-misura-48x48.jpg 48w, https:\/\/altalenaitaly.com\/wp-content\/uploads\/2020\/10\/anello-misura-100x100.jpg 100w\" sizes=\"(max-width: 137px) 100vw, 137px\" \/><\/b> <b>17.2 mm<\/b><\/td>\n<td><b><img loading=\"lazy\" decoding=\"async\" class=\"wp-image-3631 alignnone size-full\" style=\"float: left;\" src=\"https:\/\/altalenaitaly.com\/wp-content\/uploads\/2020\/10\/anello-misura.jpg\" alt=\"\" width=\"137\" height=\"137\" srcset=\"https:\/\/altalenaitaly.com\/wp-content\/uploads\/2020\/10\/anello-misura.jpg 137w, https:\/\/altalenaitaly.com\/wp-content\/uploads\/2020\/10\/anello-misura-24x24.jpg 24w, https:\/\/altalenaitaly.com\/wp-content\/uploads\/2020\/10\/anello-misura-36x36.jpg 36w, https:\/\/altalenaitaly.com\/wp-content\/uploads\/2020\/10\/anello-misura-48x48.jpg 48w, https:\/\/altalenaitaly.com\/wp-content\/uploads\/2020\/10\/anello-misura-100x100.jpg 100w\" sizes=\"(max-width: 137px) 100vw, 137px\" \/><\/b> <b>17.5 mm<\/b><\/td>\n<td><b><img loading=\"lazy\" decoding=\"async\" class=\"wp-image-3631 alignnone size-full\" style=\"float: left;\" src=\"https:\/\/altalenaitaly.com\/wp-content\/uploads\/2020\/10\/anello-misura.jpg\" alt=\"\" width=\"137\" height=\"137\" srcset=\"https:\/\/altalenaitaly.com\/wp-content\/uploads\/2020\/10\/anello-misura.jpg 137w, https:\/\/altalenaitaly.com\/wp-content\/uploads\/2020\/10\/anello-misura-24x24.jpg 24w, https:\/\/altalenaitaly.com\/wp-content\/uploads\/2020\/10\/anello-misura-36x36.jpg 36w, https:\/\/altalenaitaly.com\/wp-content\/uploads\/2020\/10\/anello-misura-48x48.jpg 48w, https:\/\/altalenaitaly.com\/wp-content\/uploads\/2020\/10\/anello-misura-100x100.jpg 100w\" sizes=\"(max-width: 137px) 100vw, 137px\" \/><\/b> <b>17.8 mm<\/b><\/td>\n<td><b><img loading=\"lazy\" decoding=\"async\" class=\"wp-image-3631 alignnone size-full\" style=\"float: left;\" src=\"https:\/\/altalenaitaly.com\/wp-content\/uploads\/2020\/10\/anello-misura.jpg\" alt=\"\" width=\"137\" height=\"137\" srcset=\"https:\/\/altalenaitaly.com\/wp-content\/uploads\/2020\/10\/anello-misura.jpg 137w, https:\/\/altalenaitaly.com\/wp-content\/uploads\/2020\/10\/anello-misura-24x24.jpg 24w, https:\/\/altalenaitaly.com\/wp-content\/uploads\/2020\/10\/anello-misura-36x36.jpg 36w, https:\/\/altalenaitaly.com\/wp-content\/uploads\/2020\/10\/anello-misura-48x48.jpg 48w, https:\/\/altalenaitaly.com\/wp-content\/uploads\/2020\/10\/anello-misura-100x100.jpg 100w\" sizes=\"(max-width: 137px) 100vw, 137px\" \/><\/b> <b>18.1 mm<\/b><\/td>\n<td><b><img loading=\"lazy\" decoding=\"async\" class=\"wp-image-3631 alignnone size-full\" style=\"float: left;\" src=\"https:\/\/altalenaitaly.com\/wp-content\/uploads\/2020\/10\/anello-misura.jpg\" alt=\"\" width=\"137\" height=\"137\" srcset=\"https:\/\/altalenaitaly.com\/wp-content\/uploads\/2020\/10\/anello-misura.jpg 137w, https:\/\/altalenaitaly.com\/wp-content\/uploads\/2020\/10\/anello-misura-24x24.jpg 24w, https:\/\/altalenaitaly.com\/wp-content\/uploads\/2020\/10\/anello-misura-36x36.jpg 36w, https:\/\/altalenaitaly.com\/wp-content\/uploads\/2020\/10\/anello-misura-48x48.jpg 48w, https:\/\/altalenaitaly.com\/wp-content\/uploads\/2020\/10\/anello-misura-100x100.jpg 100w\" sizes=\"(max-width: 137px) 100vw, 137px\" \/><\/b> <b>18.4 mm<\/b><\/td>\n<td><b><img loading=\"lazy\" decoding=\"async\" class=\"wp-image-3631 alignnone size-full\" style=\"float: left;\" src=\"https:\/\/altalenaitaly.com\/wp-content\/uploads\/2020\/10\/anello-misura.jpg\" alt=\"\" width=\"137\" height=\"137\" srcset=\"https:\/\/altalenaitaly.com\/wp-content\/uploads\/2020\/10\/anello-misura.jpg 137w, https:\/\/altalenaitaly.com\/wp-content\/uploads\/2020\/10\/anello-misura-24x24.jpg 24w, https:\/\/altalenaitaly.com\/wp-content\/uploads\/2020\/10\/anello-misura-36x36.jpg 36w, https:\/\/altalenaitaly.com\/wp-content\/uploads\/2020\/10\/anello-misura-48x48.jpg 48w, https:\/\/altalenaitaly.com\/wp-content\/uploads\/2020\/10\/anello-misura-100x100.jpg 100w\" sizes=\"(max-width: 137px) 100vw, 137px\" \/><\/b> <b>18.7 mm<\/b><\/td>\n<td><b><img loading=\"lazy\" decoding=\"async\" class=\"wp-image-3631 alignnone size-full\" style=\"float: left;\" src=\"https:\/\/altalenaitaly.com\/wp-content\/uploads\/2020\/10\/anello-misura.jpg\" alt=\"\" width=\"137\" height=\"137\" srcset=\"https:\/\/altalenaitaly.com\/wp-content\/uploads\/2020\/10\/anello-misura.jpg 137w, https:\/\/altalenaitaly.com\/wp-content\/uploads\/2020\/10\/anello-misura-24x24.jpg 24w, https:\/\/altalenaitaly.com\/wp-content\/uploads\/2020\/10\/anello-misura-36x36.jpg 36w, https:\/\/altalenaitaly.com\/wp-content\/uploads\/2020\/10\/anello-misura-48x48.jpg 48w, https:\/\/altalenaitaly.com\/wp-content\/uploads\/2020\/10\/anello-misura-100x100.jpg 100w\" sizes=\"(max-width: 137px) 100vw, 137px\" \/><\/b> <b>19 mm<\/b><\/td>\n<\/tr>\n<tr>\n<td><span style=\"font-weight: 400;\">EUROPA<\/span><\/td>\n<td><span style=\"font-weight: 400;\">13<\/span><\/td>\n<td><span style=\"font-weight: 400;\">14<\/span><\/td>\n<td><span style=\"font-weight: 400;\">15<\/span><\/td>\n<td><span style=\"font-weight: 400;\">16<\/span><\/td>\n<td><span style=\"font-weight: 400;\">17<\/span><\/td>\n<td><span style=\"font-weight: 400;\">18<\/span><\/td>\n<td><span style=\"font-weight: 400;\">19<\/span><\/td>\n<td><span style=\"font-weight: 400;\">20<\/span><\/td>\n<\/tr>\n<tr>\n<td><span style=\"font-weight: 400;\">FRANCIA<\/span><\/td>\n<td><span style=\"font-weight: 400;\">53<\/span><\/td>\n<td><span style=\"font-weight: 400;\">54<\/span><\/td>\n<td><span style=\"font-weight: 400;\">55<\/span><\/td>\n<td><span style=\"font-weight: 400;\">56<\/span><\/td>\n<td><span style=\"font-weight: 400;\">57<\/span><\/td>\n<td><span style=\"font-weight: 400;\">58<\/span><\/td>\n<td><span style=\"font-weight: 400;\">59<\/span><\/td>\n<td><span style=\"font-weight: 400;\">60<\/span><\/td>\n<\/tr>\n<tr>\n<td><span style=\"font-weight: 400;\">UK<\/span><\/td>\n<td><span style=\"font-weight: 400;\">M-N<\/span><\/td>\n<td><span style=\"font-weight: 400;\">N<\/span><\/td>\n<td><span style=\"font-weight: 400;\">O<\/span><\/td>\n<td><span style=\"font-weight: 400;\">P<\/span><\/td>\n<td><span style=\"font-weight: 400;\">P-Q<\/span><\/td>\n<td><span style=\"font-weight: 400;\">Q-R<\/span><\/td>\n<td><span style=\"font-weight: 400;\">R<\/span><\/td>\n<td><span style=\"font-weight: 400;\">S<\/span><\/td>\n<\/tr>\n<tr>\n<td><span style=\"font-weight: 400;\">EEUU\/ CANADA<\/span><\/td>\n<td><span style=\"font-weight: 400;\">6 1\/4<\/span><\/td>\n<td><span style=\"font-weight: 400;\">6 3\/4<\/span><\/td>\n<td><span style=\"font-weight: 400;\">7<\/span><\/td>\n<td><span style=\"font-weight: 400;\">7 1\/2<\/span><\/td>\n<td><span style=\"font-weight: 400;\">8<\/span><\/td>\n<td><span style=\"font-weight: 400;\">8 1\/4<\/span><\/td>\n<td><span style=\"font-weight: 400;\">8 3\/4<\/span><\/td>\n<td><span style=\"font-weight: 400;\">9<\/span><\/td>\n<\/tr>\n<\/tbody>\n<\/table>\n<\/div>\n<p>[\/et_pb_text][et_pb_text _builder_version=&#8221;4.6.6&#8243; _module_preset=&#8221;default&#8221; text_font_size=&#8221;16px&#8221; text_line_height=&#8221;1.6em&#8221; link_font=&#8221;||||on|||#000000|&#8221; link_text_color=&#8221;#000000&#8243; header_3_font=&#8221;|600|||||||&#8221;]<\/p>\n<p><b>Consejos a tener en cuenta para medir la talla del anillo<\/b><\/p>\n<ul>\n<li><span style=\"font-weight: 400;\"> Mide tus dedos al final del d\u00eda, ya que su grosor puede aumentar.<\/span><\/li>\n<li><span style=\"font-weight: 400;\"> Al medir el dedo aseg\u00farate de que no hace mucho calor o fr\u00edo. Recuerda que cada mano es diferente, con lo que la medida puede variar levemente.\u00a0<\/span><\/li>\n<li><span style=\"font-weight: 400;\"> Siempre que tengas dudas entre dos tallas, te aconsejamos que elijas la mayor de las dos.<\/span><\/li>\n<li><span style=\"font-weight: 400;\"> Si despu\u00e9s de consultar nuestra gu\u00eda sigues teniendo alguna duda, contacta con nuestro equipo de Atenci\u00f3n al Cliente y te ayudaremos lo antes posible.<\/span><\/li>\n<\/ul>\n<p>[\/et_pb_text][\/et_pb_column][\/et_pb_row][\/et_pb_section]<\/p>\n","protected":false},"excerpt":{"rendered":"<p>\u00bfCu\u00e1l es la medida de anillo perfecta para t\u00ed? Si no sabes cu\u00e1l es tu talla de anillo, no te preocupes, podemos ayudarte. Solo tienes que seguir estos pasos: Escoge un anillo que te sea c\u00f3modo para utilizar en el dedo en el que quieres llevar el anillo. Si no tienes ninguno a mano, puedes [&hellip;]<\/p>\n","protected":false},"author":4,"featured_media":0,"parent":4478,"menu_order":0,"comment_status":"closed","ping_status":"closed","template":"","meta":{"_et_pb_use_builder":"on","_et_pb_old_content":"","_et_gb_content_width":"","footnotes":""},"class_list":["post-4492","page","type-page","status-publish","hentry"],"yoast_head":"<!-- This site is optimized with the Yoast SEO Premium plugin v22.1 (Yoast SEO v27.4) - https:\/\/yoast.com\/product\/yoast-seo-premium-wordpress\/ -->\n<title>GUIA DE TALLAS - Altalena Italy<\/title>\n<meta name=\"robots\" content=\"index, follow, max-snippet:-1, max-image-preview:large, max-video-preview:-1\" \/>\n<link rel=\"canonical\" href=\"https:\/\/altalenaitaly.com\/?page_id=4492\" \/>\n<meta property=\"og:locale\" content=\"en_US\" \/>\n<meta property=\"og:type\" content=\"article\" \/>\n<meta property=\"og:title\" content=\"GUIA DE TALLAS\" \/>\n<meta property=\"og:description\" content=\"\u00bfCu\u00e1l es la medida de anillo perfecta para t\u00ed? Si no sabes cu\u00e1l es tu talla de anillo, no te preocupes, podemos ayudarte. Solo tienes que seguir estos pasos: Escoge un anillo que te sea c\u00f3modo para utilizar en el dedo en el que quieres llevar el anillo. Si no tienes ninguno a mano, puedes [&hellip;]\" \/>\n<meta property=\"og:url\" content=\"https:\/\/altalenaitaly.com\/?page_id=4492&amp;lang=es\" \/>\n<meta property=\"og:site_name\" content=\"Altalena Italy\" \/>\n<meta property=\"article:publisher\" content=\"https:\/\/www.facebook.com\/Altalena-Italy-323694341670693\" \/>\n<meta property=\"article:modified_time\" content=\"2020-11-04T11:33:01+00:00\" \/>\n<meta property=\"og:image\" content=\"https:\/\/altalenaitaly.com\/wp-content\/uploads\/2020\/10\/anello-misura.jpg\" \/>\n<meta name=\"twitter:card\" content=\"summary_large_image\" \/>\n<meta name=\"twitter:label1\" content=\"Est. reading time\" \/>\n\t<meta name=\"twitter:data1\" content=\"2 minutes\" \/>\n<script type=\"application\/ld+json\" class=\"yoast-schema-graph\">{\"@context\":\"https:\\\/\\\/schema.org\",\"@graph\":[{\"@type\":\"WebPage\",\"@id\":\"https:\\\/\\\/altalenaitaly.com\\\/?page_id=4492&lang=es\",\"url\":\"https:\\\/\\\/altalenaitaly.com\\\/?page_id=4492&lang=es\",\"name\":\"GUIA DE TALLAS - Altalena Italy\",\"isPartOf\":{\"@id\":\"https:\\\/\\\/altalenaitaly.com\\\/#website\"},\"primaryImageOfPage\":{\"@id\":\"https:\\\/\\\/altalenaitaly.com\\\/?page_id=4492&lang=es#primaryimage\"},\"image\":{\"@id\":\"https:\\\/\\\/altalenaitaly.com\\\/?page_id=4492&lang=es#primaryimage\"},\"thumbnailUrl\":\"https:\\\/\\\/altalenaitaly.com\\\/wp-content\\\/uploads\\\/2020\\\/10\\\/anello-misura.jpg\",\"datePublished\":\"2020-11-04T11:32:52+00:00\",\"dateModified\":\"2020-11-04T11:33:01+00:00\",\"breadcrumb\":{\"@id\":\"https:\\\/\\\/altalenaitaly.com\\\/?page_id=4492&lang=es#breadcrumb\"},\"inLanguage\":\"en-US\",\"potentialAction\":[{\"@type\":\"ReadAction\",\"target\":[\"https:\\\/\\\/altalenaitaly.com\\\/?page_id=4492&lang=es\"]}]},{\"@type\":\"ImageObject\",\"inLanguage\":\"en-US\",\"@id\":\"https:\\\/\\\/altalenaitaly.com\\\/?page_id=4492&lang=es#primaryimage\",\"url\":\"https:\\\/\\\/altalenaitaly.com\\\/wp-content\\\/uploads\\\/2020\\\/10\\\/anello-misura.jpg\",\"contentUrl\":\"https:\\\/\\\/altalenaitaly.com\\\/wp-content\\\/uploads\\\/2020\\\/10\\\/anello-misura.jpg\",\"width\":137,\"height\":137},{\"@type\":\"BreadcrumbList\",\"@id\":\"https:\\\/\\\/altalenaitaly.com\\\/?page_id=4492&lang=es#breadcrumb\",\"itemListElement\":[{\"@type\":\"ListItem\",\"position\":1,\"name\":\"Home\",\"item\":\"https:\\\/\\\/altalenaitaly.com\\\/\"},{\"@type\":\"ListItem\",\"position\":2,\"name\":\"Informaci\u00f3n\",\"item\":\"https:\\\/\\\/altalenaitaly.com\\\/?page_id=101\"},{\"@type\":\"ListItem\",\"position\":3,\"name\":\"GUIA DE TALLAS\"}]},{\"@type\":\"WebSite\",\"@id\":\"https:\\\/\\\/altalenaitaly.com\\\/#website\",\"url\":\"https:\\\/\\\/altalenaitaly.com\\\/\",\"name\":\"Altalena Italy\",\"description\":\"Jewelry\",\"potentialAction\":[{\"@type\":\"SearchAction\",\"target\":{\"@type\":\"EntryPoint\",\"urlTemplate\":\"https:\\\/\\\/altalenaitaly.com\\\/?s={search_term_string}\"},\"query-input\":{\"@type\":\"PropertyValueSpecification\",\"valueRequired\":true,\"valueName\":\"search_term_string\"}}],\"inLanguage\":\"en-US\"}]}<\/script>\n<!-- \/ Yoast SEO Premium plugin. -->","yoast_head_json":{"title":"GUIA DE TALLAS - Altalena Italy","robots":{"index":"index","follow":"follow","max-snippet":"max-snippet:-1","max-image-preview":"max-image-preview:large","max-video-preview":"max-video-preview:-1"},"canonical":"https:\/\/altalenaitaly.com\/?page_id=4492","og_locale":"en_US","og_type":"article","og_title":"GUIA DE TALLAS","og_description":"\u00bfCu\u00e1l es la medida de anillo perfecta para t\u00ed? Si no sabes cu\u00e1l es tu talla de anillo, no te preocupes, podemos ayudarte. Solo tienes que seguir estos pasos: Escoge un anillo que te sea c\u00f3modo para utilizar en el dedo en el que quieres llevar el anillo. Si no tienes ninguno a mano, puedes [&hellip;]","og_url":"https:\/\/altalenaitaly.com\/?page_id=4492&lang=es","og_site_name":"Altalena Italy","article_publisher":"https:\/\/www.facebook.com\/Altalena-Italy-323694341670693","article_modified_time":"2020-11-04T11:33:01+00:00","og_image":[{"url":"https:\/\/altalenaitaly.com\/wp-content\/uploads\/2020\/10\/anello-misura.jpg","type":"","width":"","height":""}],"twitter_card":"summary_large_image","twitter_misc":{"Est. reading time":"2 minutes"},"schema":{"@context":"https:\/\/schema.org","@graph":[{"@type":"WebPage","@id":"https:\/\/altalenaitaly.com\/?page_id=4492&lang=es","url":"https:\/\/altalenaitaly.com\/?page_id=4492&lang=es","name":"GUIA DE TALLAS - Altalena Italy","isPartOf":{"@id":"https:\/\/altalenaitaly.com\/#website"},"primaryImageOfPage":{"@id":"https:\/\/altalenaitaly.com\/?page_id=4492&lang=es#primaryimage"},"image":{"@id":"https:\/\/altalenaitaly.com\/?page_id=4492&lang=es#primaryimage"},"thumbnailUrl":"https:\/\/altalenaitaly.com\/wp-content\/uploads\/2020\/10\/anello-misura.jpg","datePublished":"2020-11-04T11:32:52+00:00","dateModified":"2020-11-04T11:33:01+00:00","breadcrumb":{"@id":"https:\/\/altalenaitaly.com\/?page_id=4492&lang=es#breadcrumb"},"inLanguage":"en-US","potentialAction":[{"@type":"ReadAction","target":["https:\/\/altalenaitaly.com\/?page_id=4492&lang=es"]}]},{"@type":"ImageObject","inLanguage":"en-US","@id":"https:\/\/altalenaitaly.com\/?page_id=4492&lang=es#primaryimage","url":"https:\/\/altalenaitaly.com\/wp-content\/uploads\/2020\/10\/anello-misura.jpg","contentUrl":"https:\/\/altalenaitaly.com\/wp-content\/uploads\/2020\/10\/anello-misura.jpg","width":137,"height":137},{"@type":"BreadcrumbList","@id":"https:\/\/altalenaitaly.com\/?page_id=4492&lang=es#breadcrumb","itemListElement":[{"@type":"ListItem","position":1,"name":"Home","item":"https:\/\/altalenaitaly.com\/"},{"@type":"ListItem","position":2,"name":"Informaci\u00f3n","item":"https:\/\/altalenaitaly.com\/?page_id=101"},{"@type":"ListItem","position":3,"name":"GUIA DE TALLAS"}]},{"@type":"WebSite","@id":"https:\/\/altalenaitaly.com\/#website","url":"https:\/\/altalenaitaly.com\/","name":"Altalena Italy","description":"Jewelry","potentialAction":[{"@type":"SearchAction","target":{"@type":"EntryPoint","urlTemplate":"https:\/\/altalenaitaly.com\/?s={search_term_string}"},"query-input":{"@type":"PropertyValueSpecification","valueRequired":true,"valueName":"search_term_string"}}],"inLanguage":"en-US"}]}},"_links":{"self":[{"href":"https:\/\/altalenaitaly.com\/index.php?rest_route=\/wp\/v2\/pages\/4492","targetHints":{"allow":["GET"]}}],"collection":[{"href":"https:\/\/altalenaitaly.com\/index.php?rest_route=\/wp\/v2\/pages"}],"about":[{"href":"https:\/\/altalenaitaly.com\/index.php?rest_route=\/wp\/v2\/types\/page"}],"author":[{"embeddable":true,"href":"https:\/\/altalenaitaly.com\/index.php?rest_route=\/wp\/v2\/users\/4"}],"replies":[{"embeddable":true,"href":"https:\/\/altalenaitaly.com\/index.php?rest_route=%2Fwp%2Fv2%2Fcomments&post=4492"}],"version-history":[{"count":0,"href":"https:\/\/altalenaitaly.com\/index.php?rest_route=\/wp\/v2\/pages\/4492\/revisions"}],"up":[{"embeddable":true,"href":"https:\/\/altalenaitaly.com\/index.php?rest_route=\/wp\/v2\/pages\/4478"}],"wp:attachment":[{"href":"https:\/\/altalenaitaly.com\/index.php?rest_route=%2Fwp%2Fv2%2Fmedia&parent=4492"}],"curies":[{"name":"wp","href":"https:\/\/api.w.org\/{rel}","templated":true}]}}