{"id":4486,"date":"2020-11-04T11:27:26","date_gmt":"2020-11-04T11:27:26","guid":{"rendered":"https:\/\/altalenaitaly.com\/informacion\/cambios-y-devoluciones\/"},"modified":"2020-11-04T11:27:30","modified_gmt":"2020-11-04T11:27:30","slug":"cambios-y-devoluciones","status":"publish","type":"page","link":"https:\/\/altalenaitaly.com\/?page_id=4486&lang=es","title":{"rendered":"CAMBIOS Y DEVOLUCIONES"},"content":{"rendered":"<p>[et_pb_section fb_built=&#8221;1&#8243; _builder_version=&#8221;4.6.5&#8243; _module_preset=&#8221;default&#8221;][et_pb_row _builder_version=&#8221;4.6.5&#8243; _module_preset=&#8221;default&#8221;][et_pb_column type=&#8221;4_4&#8243; _builder_version=&#8221;4.6.5&#8243; _module_preset=&#8221;default&#8221;][et_pb_post_title meta=&#8221;off&#8221; _builder_version=&#8221;4.6.6&#8243; _module_preset=&#8221;default&#8221; text_orientation=&#8221;center&#8221; hover_enabled=&#8221;0&#8243; title_font=&#8221;|||on|||||&#8221; sticky_enabled=&#8221;0&#8243;][\/et_pb_post_title][et_pb_text _builder_version=&#8221;4.6.5&#8243; _module_preset=&#8221;default&#8221; text_font_size=&#8221;16px&#8221; text_line_height=&#8221;1.6em&#8221; link_font=&#8221;||||on|||#000000|&#8221; link_text_color=&#8221;#000000&#8243; header_3_font=&#8221;|700|||||||&#8221;]<\/p>\n<p><span style=\"font-weight: 400;\">Si tu pedido no es como esperabas o te has equivocado de talla y te gustar\u00eda cambiarlo por otro, ponte en contacto con nosotros lo antes posible envi\u00e1ndonos un correo electr\u00f3nico a <\/span><a href=\"mailto:info@altalenaitaly.com\"><b>info@altalenaitaly.com<\/b><\/a><b> , <\/b><span style=\"font-weight: 400;\">indicando tu n\u00famero de pedido , nombre completo y adjuntando una foto del producto que quieres\u00a0 cambiar y te explicaremos c\u00f3mo hacerlo.\u00a0<\/span><\/p>\n<p><b>\u00bfEN QU<\/b><b>\u00c9<\/b><b> CASOS PUEDO REALIZAR UN CAMBIO?<\/b><\/p>\n<p><span style=\"font-weight: 400;\">Para poder realizar el cambio se deben cumplir los siguientes requisitos:<\/span><\/p>\n<ul>\n<li style=\"font-weight: 400;\"><span style=\"font-weight: 400;\">El plazo para cambiar tus productos es de\u00a015 d\u00edas naturales a partir de la fecha de entrega del pedido.<\/span><\/li>\n<li style=\"font-weight: 400;\"><span style=\"font-weight: 400;\">Los productos que quieras cambiar de tu pedido deben estar en perfecto estado, con el embalaje original y no deben haber sido utilizados. Recuerda que los costes son a tu cargo.\u00a0<\/span><\/li>\n<\/ul>\n<p><b>\u00bfCU\u00c1L ES EL PER\u00cdODO PARA HACER UN CAMBIO O UNA DEVOLUCI\u00d3N?<\/b><\/p>\n<p><span style=\"font-weight: 400;\">\u00danicamente se aceptar\u00e1n los cambios dentro de los 15 d\u00edas naturales posteriores a la entrega del pedido, excepto en aquellos pedidos realizados en el per\u00edodo del 1 de diciembre al 6 de enero, en los que el per\u00edodo de cambio ser\u00e1 hasta el 15 de enero.<\/span><\/p>\n<p><b>\u00bfPUEDO COMPRAR OTRO PRODUCTO DE DIFERENTE PRECIO?<\/b><\/p>\n<p><span style=\"font-weight: 400;\">Si has decido cambiar tu producto por otro distinto de diferente importe, la diferencia se abonar\u00e1 mediante transferencia bancaria o PayPal. En ning\u00fan caso se podr\u00e1n cambiar art\u00edculos por otros de menor importe.<\/span><\/p>\n<p>&nbsp;<\/p>\n<p><b>\u00bfQU\u00c9 SUCEDE SI EN ESE MOMENTO NO QUIERO COMPRAR NADA?<\/b><\/p>\n<p>&nbsp;<\/p>\n<p><span style=\"font-weight: 400;\">Si no te gusta ning\u00fan art\u00edculo en ese momento, no te preocupes, te enviaremos un vale por el valor del precio del producto, con caducidad de 6 meses desde la comunicaci\u00f3n del cambio.<\/span><\/p>\n<p><b>\u00a0\u00bfC\u00d3MO DEBO ENVIAR EL PRODUCTO QUE QUIERO CAMBIAR?<\/b><\/p>\n<p><span style=\"font-weight: 400;\">En cualquiera de los casos, es imprescindible que los productos sujetos a un cambio est\u00e9n en perfecto estado y sin signos evidentes de uso. Altalena Italy se reserva el derecho de realizar un reembolso parcial o no del importe de dicho producto en art\u00edculos usados o en malas condiciones. En ning\u00fan caso, se reembolsar\u00e1n los gastos de env\u00edo originales del pedido.<\/span><\/p>\n<p><span style=\"font-weight: 400;\">Por favor, env\u00eda el art\u00edculo incluyendo su envoltorio original adem\u00e1s de la documentaci\u00f3n y los envoltorios que puedan acompa\u00f1ar al mismo.<\/span><\/p>\n<p><span style=\"font-weight: 400;\">Es responsabilidad del cliente asegurarse de que el paquete llega a nuestras instalaciones en perfectas condiciones, por eso te recomendamos que elijas un medio que garantice la integridad del paquete, bien por mensajer\u00eda o por correo certificado. Altalena Italy no se responsabilizar\u00e1 de env\u00edos extraviados. Recuerda que los costes son a tu cargo.\u00a0<\/span><\/p>\n<p><span style=\"font-weight: 400;\">Una vez nos llegue el paquete y tras examinar el art\u00edculo te comunicaremos por email si tienes derecho al cambio o devoluci\u00f3n.<\/span><\/p>\n<p><span style=\"font-weight: 400;\">Cambios Internacionales: Para cambios de car\u00e1cter internacional, nuestro equipo de Atenci\u00f3n al Cliente te informar\u00e1 acerca del procedimiento y el coste correspondiente.<\/span><\/p>\n<p><b>\u00bfCU\u00c1NDO ME ENVIAR\u00c9IS EL NUEVO ART\u00cdCULO?<\/b><\/p>\n<p><span style=\"font-weight: 400;\">Te enviaremos el nuevo producto por el que hayas decidido realizar el cambio una vez recibamos tu producto en nuestras oficinas. Normalmente en 2 o 3 d\u00edas.<\/span><\/p>\n<p><b>\u00bfHAS RECIBIDO UN PRODUCTO DEFECTUOSO O ERR\u00d3NEO?<\/b><\/p>\n<p><span style=\"font-weight: 400;\">En caso de tratarse de un producto defectuoso, ponte en contacto con nosotros lo antes posible envi\u00e1ndonos un correo electr\u00f3nico a <\/span><a href=\"mailto:info@altalenaitaly.com\"><b>info@altalenaitaly.com<\/b><\/a><b> , <\/b><span style=\"font-weight: 400;\">indicando tu n\u00famero de pedido, nombre completo y adjuntando una foto del producto y nos pondremos en contacto contigo lo antes posible.<\/span><\/p>\n<p><span style=\"font-weight: 400;\">Tienes 15 d\u00edas desde la recepci\u00f3n del pedido para hacernos llegar el producto. Recuerda que deber\u00e1s enviarnos una imagen donde se muestre con claridad el desperfecto en las 48h posteriores a haber recibido el producto.\u00a0<\/span><\/p>\n<p><span style=\"font-weight: 400;\">En el supuesto que tu pedido no pueda ser sustituido por otro id\u00e9ntico, abonaremos en tu cuenta el importe \u00edntegro de tu pedido, incluido los gastos de mensajer\u00eda. Los reembolsos se efectuar\u00e1n mediante transferencia bancaria a la cuenta que el cliente nos proporcione.<\/span><\/p>\n<p><span style=\"font-weight: 400;\">Una vez emitido el reembolso, ser\u00e1 efectivo en un periodo de 2-3 d\u00edas laborables.<\/span><\/p>\n<p><b>\u00bfCU\u00c1NTO CUESTA HACER UN CAMBIO?<\/b><\/p>\n<p><span style=\"font-weight: 400;\">Todos los gastos de env\u00edo asociados a un cambio correr\u00e1n a cargo del comprador.<\/span><\/p>\n<p><b>NORMATIVA DE DEVOLUCIONES\u00a0<\/b><\/p>\n<p><span style=\"font-weight: 400;\">De acuerdo a la normativa, Altalena Italy no acepta devoluciones de productos, excepto en el caso de tara o desperfecto.<\/span><\/p>\n<p><span style=\"font-weight: 400;\">En Altalena Italy revisamos con mucha atenci\u00f3n el art\u00edculo antes de ser enviado, pero si, excepcionalmente, presentara alg\u00fan desperfecto, por favor ponte en contacto con nosotros dentro de las 48h posteriores a la recepci\u00f3n del pedido. Puedes enviarnos un email a\u00a0<\/span><a href=\"mailto:info@altalenaitaly.com\"><b>info@altalenaitaly.com<\/b><\/a><span style=\"font-weight: 400;\">\u00a0 o llamarnos al +39 351 6366069 \u00a0 en horario: de lunes a viernes de 10:00h a 19:00h.<\/span><\/p>\n<p><span style=\"font-weight: 400;\">Una vez aprobada la devoluci\u00f3n nos pondremos en contacto contigo para tramitarla. Cuando recibamos el art\u00edculo en nuestras oficinas, te enviaremos de nuevo tus joyas.<\/span><\/p>\n<p><span style=\"font-weight: 400;\">Si el art\u00edculo elegido no se encuentra disponible en ese momento y no quieres cambiarlo por otro, procederemos a reembolsarte el importe del mismo modo en el que realizaste tu compra.<\/span><\/p>\n<p><span style=\"font-weight: 400;\">Es prescindible que el producto sea devuelto en su embalaje original y con la documentaci\u00f3n adjunta para evitar posibles deterioros durante el transporte.<\/span><\/p>\n<p><b>GARANT\u00cdA DE LOS ART\u00cdCULOS<\/b><\/p>\n<p><span style=\"font-weight: 400;\">Todos nuestros art\u00edculos tienen una garant\u00eda de 30 d\u00edas a partir del d\u00eda de entrega de tu pedido. La garant\u00eda \u00fanicamente se aplicar\u00e1 en los casos en los que exista un defecto de fabricaci\u00f3n y el da\u00f1o no haya sido causado por un mal uso. Nuestro Departamento de Calidad estudiar\u00e0 detalladamente si el desperfecto ha sido ocasionado por un mal uso de la pieza.<\/span><\/p>\n<p><span style=\"font-weight: 400;\">Si necesitas hacer uso de la garant\u00eda, cont\u00e1ctanos y nuestro Servicio de Atenci\u00f3n al Cliente te ayudar\u00e1.<\/span><\/p>\n<p>[\/et_pb_text][\/et_pb_column][\/et_pb_row][\/et_pb_section]<\/p>\n","protected":false},"excerpt":{"rendered":"<p>Si tu pedido no es como esperabas o te has equivocado de talla y te gustar\u00eda cambiarlo por otro, ponte en contacto con nosotros lo antes posible envi\u00e1ndonos un correo electr\u00f3nico a info@altalenaitaly.com , indicando tu n\u00famero de pedido , nombre completo y adjuntando una foto del producto que quieres\u00a0 cambiar y te explicaremos c\u00f3mo [&hellip;]<\/p>\n","protected":false},"author":4,"featured_media":0,"parent":4478,"menu_order":0,"comment_status":"closed","ping_status":"closed","template":"","meta":{"_et_pb_use_builder":"on","_et_pb_old_content":"","_et_gb_content_width":"","footnotes":""},"class_list":["post-4486","page","type-page","status-publish","hentry"],"yoast_head":"<!-- This site is optimized with the Yoast SEO Premium plugin v22.1 (Yoast SEO v27.5) - https:\/\/yoast.com\/product\/yoast-seo-premium-wordpress\/ -->\n<title>CAMBIOS Y DEVOLUCIONES - Altalena Italy<\/title>\n<meta name=\"robots\" content=\"index, follow, max-snippet:-1, max-image-preview:large, max-video-preview:-1\" \/>\n<link rel=\"canonical\" href=\"https:\/\/altalenaitaly.com\/?page_id=4486\" \/>\n<meta property=\"og:locale\" content=\"en_US\" \/>\n<meta property=\"og:type\" content=\"article\" \/>\n<meta property=\"og:title\" content=\"CAMBIOS Y DEVOLUCIONES\" \/>\n<meta property=\"og:description\" content=\"Si tu pedido no es como esperabas o te has equivocado de talla y te gustar\u00eda cambiarlo por otro, ponte en contacto con nosotros lo antes posible envi\u00e1ndonos un correo electr\u00f3nico a info@altalenaitaly.com , indicando tu n\u00famero de pedido , nombre completo y adjuntando una foto del producto que quieres\u00a0 cambiar y te explicaremos c\u00f3mo [&hellip;]\" \/>\n<meta property=\"og:url\" content=\"https:\/\/altalenaitaly.com\/?page_id=4486&amp;lang=es\" \/>\n<meta property=\"og:site_name\" content=\"Altalena Italy\" \/>\n<meta property=\"article:publisher\" content=\"https:\/\/www.facebook.com\/Altalena-Italy-323694341670693\" \/>\n<meta property=\"article:modified_time\" content=\"2020-11-04T11:27:30+00:00\" \/>\n<meta name=\"twitter:card\" content=\"summary_large_image\" \/>\n<meta name=\"twitter:label1\" content=\"Est. reading time\" \/>\n\t<meta name=\"twitter:data1\" content=\"5 minutes\" \/>\n<script type=\"application\/ld+json\" class=\"yoast-schema-graph\">{\"@context\":\"https:\\\/\\\/schema.org\",\"@graph\":[{\"@type\":\"WebPage\",\"@id\":\"https:\\\/\\\/altalenaitaly.com\\\/?page_id=4486&lang=es\",\"url\":\"https:\\\/\\\/altalenaitaly.com\\\/?page_id=4486&lang=es\",\"name\":\"CAMBIOS Y DEVOLUCIONES - Altalena Italy\",\"isPartOf\":{\"@id\":\"https:\\\/\\\/altalenaitaly.com\\\/#website\"},\"datePublished\":\"2020-11-04T11:27:26+00:00\",\"dateModified\":\"2020-11-04T11:27:30+00:00\",\"breadcrumb\":{\"@id\":\"https:\\\/\\\/altalenaitaly.com\\\/?page_id=4486&lang=es#breadcrumb\"},\"inLanguage\":\"en-US\",\"potentialAction\":[{\"@type\":\"ReadAction\",\"target\":[\"https:\\\/\\\/altalenaitaly.com\\\/?page_id=4486&lang=es\"]}]},{\"@type\":\"BreadcrumbList\",\"@id\":\"https:\\\/\\\/altalenaitaly.com\\\/?page_id=4486&lang=es#breadcrumb\",\"itemListElement\":[{\"@type\":\"ListItem\",\"position\":1,\"name\":\"Home\",\"item\":\"https:\\\/\\\/altalenaitaly.com\\\/\"},{\"@type\":\"ListItem\",\"position\":2,\"name\":\"Informaci\u00f3n\",\"item\":\"https:\\\/\\\/altalenaitaly.com\\\/?page_id=101\"},{\"@type\":\"ListItem\",\"position\":3,\"name\":\"CAMBIOS Y DEVOLUCIONES\"}]},{\"@type\":\"WebSite\",\"@id\":\"https:\\\/\\\/altalenaitaly.com\\\/#website\",\"url\":\"https:\\\/\\\/altalenaitaly.com\\\/\",\"name\":\"Altalena Italy\",\"description\":\"Jewelry\",\"potentialAction\":[{\"@type\":\"SearchAction\",\"target\":{\"@type\":\"EntryPoint\",\"urlTemplate\":\"https:\\\/\\\/altalenaitaly.com\\\/?s={search_term_string}\"},\"query-input\":{\"@type\":\"PropertyValueSpecification\",\"valueRequired\":true,\"valueName\":\"search_term_string\"}}],\"inLanguage\":\"en-US\"}]}<\/script>\n<!-- \/ Yoast SEO Premium plugin. -->","yoast_head_json":{"title":"CAMBIOS Y DEVOLUCIONES - Altalena Italy","robots":{"index":"index","follow":"follow","max-snippet":"max-snippet:-1","max-image-preview":"max-image-preview:large","max-video-preview":"max-video-preview:-1"},"canonical":"https:\/\/altalenaitaly.com\/?page_id=4486","og_locale":"en_US","og_type":"article","og_title":"CAMBIOS Y DEVOLUCIONES","og_description":"Si tu pedido no es como esperabas o te has equivocado de talla y te gustar\u00eda cambiarlo por otro, ponte en contacto con nosotros lo antes posible envi\u00e1ndonos un correo electr\u00f3nico a info@altalenaitaly.com , indicando tu n\u00famero de pedido , nombre completo y adjuntando una foto del producto que quieres\u00a0 cambiar y te explicaremos c\u00f3mo [&hellip;]","og_url":"https:\/\/altalenaitaly.com\/?page_id=4486&lang=es","og_site_name":"Altalena Italy","article_publisher":"https:\/\/www.facebook.com\/Altalena-Italy-323694341670693","article_modified_time":"2020-11-04T11:27:30+00:00","twitter_card":"summary_large_image","twitter_misc":{"Est. reading time":"5 minutes"},"schema":{"@context":"https:\/\/schema.org","@graph":[{"@type":"WebPage","@id":"https:\/\/altalenaitaly.com\/?page_id=4486&lang=es","url":"https:\/\/altalenaitaly.com\/?page_id=4486&lang=es","name":"CAMBIOS Y DEVOLUCIONES - Altalena Italy","isPartOf":{"@id":"https:\/\/altalenaitaly.com\/#website"},"datePublished":"2020-11-04T11:27:26+00:00","dateModified":"2020-11-04T11:27:30+00:00","breadcrumb":{"@id":"https:\/\/altalenaitaly.com\/?page_id=4486&lang=es#breadcrumb"},"inLanguage":"en-US","potentialAction":[{"@type":"ReadAction","target":["https:\/\/altalenaitaly.com\/?page_id=4486&lang=es"]}]},{"@type":"BreadcrumbList","@id":"https:\/\/altalenaitaly.com\/?page_id=4486&lang=es#breadcrumb","itemListElement":[{"@type":"ListItem","position":1,"name":"Home","item":"https:\/\/altalenaitaly.com\/"},{"@type":"ListItem","position":2,"name":"Informaci\u00f3n","item":"https:\/\/altalenaitaly.com\/?page_id=101"},{"@type":"ListItem","position":3,"name":"CAMBIOS Y DEVOLUCIONES"}]},{"@type":"WebSite","@id":"https:\/\/altalenaitaly.com\/#website","url":"https:\/\/altalenaitaly.com\/","name":"Altalena Italy","description":"Jewelry","potentialAction":[{"@type":"SearchAction","target":{"@type":"EntryPoint","urlTemplate":"https:\/\/altalenaitaly.com\/?s={search_term_string}"},"query-input":{"@type":"PropertyValueSpecification","valueRequired":true,"valueName":"search_term_string"}}],"inLanguage":"en-US"}]}},"_links":{"self":[{"href":"https:\/\/altalenaitaly.com\/index.php?rest_route=\/wp\/v2\/pages\/4486","targetHints":{"allow":["GET"]}}],"collection":[{"href":"https:\/\/altalenaitaly.com\/index.php?rest_route=\/wp\/v2\/pages"}],"about":[{"href":"https:\/\/altalenaitaly.com\/index.php?rest_route=\/wp\/v2\/types\/page"}],"author":[{"embeddable":true,"href":"https:\/\/altalenaitaly.com\/index.php?rest_route=\/wp\/v2\/users\/4"}],"replies":[{"embeddable":true,"href":"https:\/\/altalenaitaly.com\/index.php?rest_route=%2Fwp%2Fv2%2Fcomments&post=4486"}],"version-history":[{"count":0,"href":"https:\/\/altalenaitaly.com\/index.php?rest_route=\/wp\/v2\/pages\/4486\/revisions"}],"up":[{"embeddable":true,"href":"https:\/\/altalenaitaly.com\/index.php?rest_route=\/wp\/v2\/pages\/4478"}],"wp:attachment":[{"href":"https:\/\/altalenaitaly.com\/index.php?rest_route=%2Fwp%2Fv2%2Fmedia&parent=4486"}],"curies":[{"name":"wp","href":"https:\/\/api.w.org\/{rel}","templated":true}]}}