{"id":4483,"date":"2020-11-04T11:26:18","date_gmt":"2020-11-04T11:26:18","guid":{"rendered":"https:\/\/altalenaitaly.com\/informacion\/pedidos-y-pagos\/"},"modified":"2020-11-04T11:26:22","modified_gmt":"2020-11-04T11:26:22","slug":"pedidos-y-pagos","status":"publish","type":"page","link":"https:\/\/altalenaitaly.com\/?page_id=4483&lang=es","title":{"rendered":"PEDIDOS Y PAGOS"},"content":{"rendered":"<p>[et_pb_section fb_built=&#8221;1&#8243; _builder_version=&#8221;4.6.5&#8243; _module_preset=&#8221;default&#8221;][et_pb_row _builder_version=&#8221;4.6.5&#8243; _module_preset=&#8221;default&#8221;][et_pb_column type=&#8221;4_4&#8243; _builder_version=&#8221;4.6.5&#8243; _module_preset=&#8221;default&#8221;][et_pb_post_title meta=&#8221;off&#8221; _builder_version=&#8221;4.6.6&#8243; _module_preset=&#8221;default&#8221; text_orientation=&#8221;center&#8221; hover_enabled=&#8221;0&#8243; title_font=&#8221;|||on|||||&#8221; sticky_enabled=&#8221;0&#8243;][\/et_pb_post_title][et_pb_text _builder_version=&#8221;4.6.5&#8243; _module_preset=&#8221;default&#8221; text_font_size=&#8221;16px&#8221; text_line_height=&#8221;1.6em&#8221; link_font=&#8221;||||on|||#000000|&#8221; link_text_color=&#8221;#000000&#8243; header_3_font=&#8221;|700|||||||&#8221;]<\/p>\n<ul>\n<li>\n<p><span style=\"font-weight: 400;\">Para realizar el pago de tu pedido puedes utilizar tarjetas de cr\u00e9dito o d\u00e9bito como\u00a0VISA, MasterCard, American Express u otras tarjetas internacionales. Tambi\u00e9n aceptamos PayPal, un operador internacional de pagos. Independientemente de tener o no una cuenta PayPal, podr\u00e1s pagar tambi\u00e9n a trav\u00e9s de este sistema.<\/span><\/p>\n<p><span style=\"font-weight: 400;\">Ofrecemos pagos seguros a trav\u00e9s de tecnolog\u00edas Paypal y SSL certificadas.<\/span><\/p>\n<p><span style=\"font-weight: 400;\">El precio de todos nuestros art\u00edculos est\u00e1 sujeto a un IVA del 22% incluido en el precio.<\/span><\/p>\n<p><span style=\"font-weight: 400;\">Si experimentas alguna dificultad o error en el momento de realizar el pago ponte en contacto con\u00a0<\/span><a href=\"https:\/\/www.pdpaola.com\/pages\/tienes-dudas\"><span style=\"font-weight: 400;\">Atenci\u00f3n al Cliente<\/span><\/a><span style=\"font-weight: 400;\">. Estaremos encantados de ayudarte. Pero antes prueba esto:<\/span><\/p>\n<p><span style=\"font-weight: 400;\">&#8211; Utiliza una tarjeta de cr\u00e9dito o d\u00e9bito alternativa a la que te est\u00e9 generando el problema.<\/span><span style=\"font-weight: 400;\"><br \/><\/span><span style=\"font-weight: 400;\">&#8211; Reinicia tu navegador e int\u00e9ntalo de nuevo.<\/span><span style=\"font-weight: 400;\"><br \/><\/span><span style=\"font-weight: 400;\">&#8211; Elimina las cookies y borra el cach\u00e9 de tu navegador e int\u00e9ntalo de nuevo.<\/span> <span><img decoding=\"async\" class=\"wp-image-3127 alignnone size-medium\" src=\"https:\/\/altalenaitaly.com\/wp-content\/uploads\/2020\/10\/ssl-web-segura-300x128.png\" alt=\"\" width=\"150\" \/>\u00a0<img decoding=\"async\" class=\"wp-image-3129 alignnone size-full\" src=\"https:\/\/altalenaitaly.com\/wp-content\/uploads\/2020\/10\/i100-secure.png\" alt=\"\" width=\"70\" srcset=\"https:\/\/altalenaitaly.com\/wp-content\/uploads\/2020\/10\/i100-secure.png 225w, https:\/\/altalenaitaly.com\/wp-content\/uploads\/2020\/10\/i100-secure-150x150.png 150w, https:\/\/altalenaitaly.com\/wp-content\/uploads\/2020\/10\/i100-secure-24x24.png 24w, https:\/\/altalenaitaly.com\/wp-content\/uploads\/2020\/10\/i100-secure-36x36.png 36w, https:\/\/altalenaitaly.com\/wp-content\/uploads\/2020\/10\/i100-secure-48x48.png 48w, https:\/\/altalenaitaly.com\/wp-content\/uploads\/2020\/10\/i100-secure-100x100.png 100w\" sizes=\"(max-width: 225px) 100vw, 225px\" \/><\/span><\/li>\n<\/ul>\n<p>[\/et_pb_text][et_pb_text _builder_version=&#8221;4.6.5&#8243; _module_preset=&#8221;default&#8221; text_font_size=&#8221;16px&#8221; text_line_height=&#8221;1.6em&#8221; link_font=&#8221;||||on|||#000000|&#8221; link_text_color=&#8221;#000000&#8243; header_3_font=&#8221;|700|||||||&#8221;]<\/p>\n<p><b>PEDIDOS\u00a0<\/b><\/p>\n<p><span style=\"font-weight: 400;\">Preparamos tu pedido una vez recibido el pago. Revisamos cuidadosamente cada una de nuestras joyas antes de enviarlas, por lo que tu pedido deber\u00eda llegar en perfectas condiciones. Si no es el caso, por favor ponte en contacto con Atenci\u00f3n al Cliente lo antes posible, siempre dentro de las primeras 48h.<\/span><\/p>\n<p><span style=\"font-weight: 400;\">Si mientras est\u00e1s realizando tu pedido tienes alguna dificultad para navegar a trav\u00e9s de nuestra web, por favor reinicia tu navegador. Si los problemas contin\u00faan,\u00a0<\/span><a href=\"https:\/\/www.pdpaola.com\/pages\/tienes-dudas\"><span style=\"font-weight: 400;\">cont\u00e1ctanos<\/span><\/a><span style=\"font-weight: 400;\">\u00a0y nuestro equipo t\u00e9cnico te ayudar\u00e1 lo antes posible.<\/span><\/p>\n<p><span style=\"font-weight: 400;\">En el caso de haber adquirido m\u00e1s de un art\u00edculo, con el fin de garantizar la opci\u00f3n de envi\u00f3 gratuito, optimizando peso y volumen, incluiremos m\u00e1s de un art\u00edculo en la misma cajita (hasta un m\u00e1ximo de 3 piezas), garantizando la protecci\u00f3n de cada producto. Si prefieres recibir cada una de las joyas de forma individual en su cajita, tenemos una opci\u00f3n especial de env\u00edo por s\u00f3lo 1\u20ac adicional.<\/span><\/p>\n<p>[\/et_pb_text][\/et_pb_column][\/et_pb_row][\/et_pb_section]<\/p>\n","protected":false},"excerpt":{"rendered":"<p>Para realizar el pago de tu pedido puedes utilizar tarjetas de cr\u00e9dito o d\u00e9bito como\u00a0VISA, MasterCard, American Express u otras tarjetas internacionales. Tambi\u00e9n aceptamos PayPal, un operador internacional de pagos. Independientemente de tener o no una cuenta PayPal, podr\u00e1s pagar tambi\u00e9n a trav\u00e9s de este sistema. Ofrecemos pagos seguros a trav\u00e9s de tecnolog\u00edas Paypal y [&hellip;]<\/p>\n","protected":false},"author":4,"featured_media":0,"parent":4478,"menu_order":0,"comment_status":"closed","ping_status":"closed","template":"","meta":{"_et_pb_use_builder":"on","_et_pb_old_content":"","_et_gb_content_width":"","footnotes":""},"class_list":["post-4483","page","type-page","status-publish","hentry"],"yoast_head":"<!-- This site is optimized with the Yoast SEO Premium plugin v22.1 (Yoast SEO v27.6) - https:\/\/yoast.com\/product\/yoast-seo-premium-wordpress\/ -->\n<title>PEDIDOS Y PAGOS - Altalena Italy<\/title>\n<meta name=\"robots\" content=\"index, follow, max-snippet:-1, max-image-preview:large, max-video-preview:-1\" \/>\n<link rel=\"canonical\" href=\"https:\/\/altalenaitaly.com\/?page_id=4483\" \/>\n<meta property=\"og:locale\" content=\"en_US\" \/>\n<meta property=\"og:type\" content=\"article\" \/>\n<meta property=\"og:title\" content=\"PEDIDOS Y PAGOS\" \/>\n<meta property=\"og:description\" content=\"Para realizar el pago de tu pedido puedes utilizar tarjetas de cr\u00e9dito o d\u00e9bito como\u00a0VISA, MasterCard, American Express u otras tarjetas internacionales. Tambi\u00e9n aceptamos PayPal, un operador internacional de pagos. Independientemente de tener o no una cuenta PayPal, podr\u00e1s pagar tambi\u00e9n a trav\u00e9s de este sistema. Ofrecemos pagos seguros a trav\u00e9s de tecnolog\u00edas Paypal y [&hellip;]\" \/>\n<meta property=\"og:url\" content=\"https:\/\/altalenaitaly.com\/?page_id=4483&amp;lang=es\" \/>\n<meta property=\"og:site_name\" content=\"Altalena Italy\" \/>\n<meta property=\"article:publisher\" content=\"https:\/\/www.facebook.com\/Altalena-Italy-323694341670693\" \/>\n<meta property=\"article:modified_time\" content=\"2020-11-04T11:26:22+00:00\" \/>\n<meta property=\"og:image\" content=\"https:\/\/altalenaitaly.com\/wp-content\/uploads\/2020\/10\/ssl-web-segura-300x128.png\" \/>\n<meta name=\"twitter:card\" content=\"summary_large_image\" \/>\n<meta name=\"twitter:label1\" content=\"Est. reading time\" \/>\n\t<meta name=\"twitter:data1\" content=\"2 minutes\" \/>\n<script type=\"application\/ld+json\" class=\"yoast-schema-graph\">{\"@context\":\"https:\\\/\\\/schema.org\",\"@graph\":[{\"@type\":\"WebPage\",\"@id\":\"https:\\\/\\\/altalenaitaly.com\\\/?page_id=4483&lang=es\",\"url\":\"https:\\\/\\\/altalenaitaly.com\\\/?page_id=4483&lang=es\",\"name\":\"PEDIDOS Y PAGOS - Altalena Italy\",\"isPartOf\":{\"@id\":\"https:\\\/\\\/altalenaitaly.com\\\/#website\"},\"primaryImageOfPage\":{\"@id\":\"https:\\\/\\\/altalenaitaly.com\\\/?page_id=4483&lang=es#primaryimage\"},\"image\":{\"@id\":\"https:\\\/\\\/altalenaitaly.com\\\/?page_id=4483&lang=es#primaryimage\"},\"thumbnailUrl\":\"https:\\\/\\\/altalenaitaly.com\\\/wp-content\\\/uploads\\\/2020\\\/10\\\/ssl-web-segura-300x128.png\",\"datePublished\":\"2020-11-04T11:26:18+00:00\",\"dateModified\":\"2020-11-04T11:26:22+00:00\",\"breadcrumb\":{\"@id\":\"https:\\\/\\\/altalenaitaly.com\\\/?page_id=4483&lang=es#breadcrumb\"},\"inLanguage\":\"en-US\",\"potentialAction\":[{\"@type\":\"ReadAction\",\"target\":[\"https:\\\/\\\/altalenaitaly.com\\\/?page_id=4483&lang=es\"]}]},{\"@type\":\"ImageObject\",\"inLanguage\":\"en-US\",\"@id\":\"https:\\\/\\\/altalenaitaly.com\\\/?page_id=4483&lang=es#primaryimage\",\"url\":\"https:\\\/\\\/altalenaitaly.com\\\/wp-content\\\/uploads\\\/2020\\\/10\\\/ssl-web-segura.png\",\"contentUrl\":\"https:\\\/\\\/altalenaitaly.com\\\/wp-content\\\/uploads\\\/2020\\\/10\\\/ssl-web-segura.png\",\"width\":505,\"height\":215},{\"@type\":\"BreadcrumbList\",\"@id\":\"https:\\\/\\\/altalenaitaly.com\\\/?page_id=4483&lang=es#breadcrumb\",\"itemListElement\":[{\"@type\":\"ListItem\",\"position\":1,\"name\":\"Home\",\"item\":\"https:\\\/\\\/altalenaitaly.com\\\/\"},{\"@type\":\"ListItem\",\"position\":2,\"name\":\"Informaci\u00f3n\",\"item\":\"https:\\\/\\\/altalenaitaly.com\\\/?page_id=101\"},{\"@type\":\"ListItem\",\"position\":3,\"name\":\"PEDIDOS Y PAGOS\"}]},{\"@type\":\"WebSite\",\"@id\":\"https:\\\/\\\/altalenaitaly.com\\\/#website\",\"url\":\"https:\\\/\\\/altalenaitaly.com\\\/\",\"name\":\"Altalena Italy\",\"description\":\"Jewelry\",\"potentialAction\":[{\"@type\":\"SearchAction\",\"target\":{\"@type\":\"EntryPoint\",\"urlTemplate\":\"https:\\\/\\\/altalenaitaly.com\\\/?s={search_term_string}\"},\"query-input\":{\"@type\":\"PropertyValueSpecification\",\"valueRequired\":true,\"valueName\":\"search_term_string\"}}],\"inLanguage\":\"en-US\"}]}<\/script>\n<!-- \/ Yoast SEO Premium plugin. -->","yoast_head_json":{"title":"PEDIDOS Y PAGOS - Altalena Italy","robots":{"index":"index","follow":"follow","max-snippet":"max-snippet:-1","max-image-preview":"max-image-preview:large","max-video-preview":"max-video-preview:-1"},"canonical":"https:\/\/altalenaitaly.com\/?page_id=4483","og_locale":"en_US","og_type":"article","og_title":"PEDIDOS Y PAGOS","og_description":"Para realizar el pago de tu pedido puedes utilizar tarjetas de cr\u00e9dito o d\u00e9bito como\u00a0VISA, MasterCard, American Express u otras tarjetas internacionales. Tambi\u00e9n aceptamos PayPal, un operador internacional de pagos. Independientemente de tener o no una cuenta PayPal, podr\u00e1s pagar tambi\u00e9n a trav\u00e9s de este sistema. Ofrecemos pagos seguros a trav\u00e9s de tecnolog\u00edas Paypal y [&hellip;]","og_url":"https:\/\/altalenaitaly.com\/?page_id=4483&lang=es","og_site_name":"Altalena Italy","article_publisher":"https:\/\/www.facebook.com\/Altalena-Italy-323694341670693","article_modified_time":"2020-11-04T11:26:22+00:00","og_image":[{"url":"https:\/\/altalenaitaly.com\/wp-content\/uploads\/2020\/10\/ssl-web-segura-300x128.png","type":"","width":"","height":""}],"twitter_card":"summary_large_image","twitter_misc":{"Est. reading time":"2 minutes"},"schema":{"@context":"https:\/\/schema.org","@graph":[{"@type":"WebPage","@id":"https:\/\/altalenaitaly.com\/?page_id=4483&lang=es","url":"https:\/\/altalenaitaly.com\/?page_id=4483&lang=es","name":"PEDIDOS Y PAGOS - Altalena Italy","isPartOf":{"@id":"https:\/\/altalenaitaly.com\/#website"},"primaryImageOfPage":{"@id":"https:\/\/altalenaitaly.com\/?page_id=4483&lang=es#primaryimage"},"image":{"@id":"https:\/\/altalenaitaly.com\/?page_id=4483&lang=es#primaryimage"},"thumbnailUrl":"https:\/\/altalenaitaly.com\/wp-content\/uploads\/2020\/10\/ssl-web-segura-300x128.png","datePublished":"2020-11-04T11:26:18+00:00","dateModified":"2020-11-04T11:26:22+00:00","breadcrumb":{"@id":"https:\/\/altalenaitaly.com\/?page_id=4483&lang=es#breadcrumb"},"inLanguage":"en-US","potentialAction":[{"@type":"ReadAction","target":["https:\/\/altalenaitaly.com\/?page_id=4483&lang=es"]}]},{"@type":"ImageObject","inLanguage":"en-US","@id":"https:\/\/altalenaitaly.com\/?page_id=4483&lang=es#primaryimage","url":"https:\/\/altalenaitaly.com\/wp-content\/uploads\/2020\/10\/ssl-web-segura.png","contentUrl":"https:\/\/altalenaitaly.com\/wp-content\/uploads\/2020\/10\/ssl-web-segura.png","width":505,"height":215},{"@type":"BreadcrumbList","@id":"https:\/\/altalenaitaly.com\/?page_id=4483&lang=es#breadcrumb","itemListElement":[{"@type":"ListItem","position":1,"name":"Home","item":"https:\/\/altalenaitaly.com\/"},{"@type":"ListItem","position":2,"name":"Informaci\u00f3n","item":"https:\/\/altalenaitaly.com\/?page_id=101"},{"@type":"ListItem","position":3,"name":"PEDIDOS Y PAGOS"}]},{"@type":"WebSite","@id":"https:\/\/altalenaitaly.com\/#website","url":"https:\/\/altalenaitaly.com\/","name":"Altalena Italy","description":"Jewelry","potentialAction":[{"@type":"SearchAction","target":{"@type":"EntryPoint","urlTemplate":"https:\/\/altalenaitaly.com\/?s={search_term_string}"},"query-input":{"@type":"PropertyValueSpecification","valueRequired":true,"valueName":"search_term_string"}}],"inLanguage":"en-US"}]}},"_links":{"self":[{"href":"https:\/\/altalenaitaly.com\/index.php?rest_route=\/wp\/v2\/pages\/4483","targetHints":{"allow":["GET"]}}],"collection":[{"href":"https:\/\/altalenaitaly.com\/index.php?rest_route=\/wp\/v2\/pages"}],"about":[{"href":"https:\/\/altalenaitaly.com\/index.php?rest_route=\/wp\/v2\/types\/page"}],"author":[{"embeddable":true,"href":"https:\/\/altalenaitaly.com\/index.php?rest_route=\/wp\/v2\/users\/4"}],"replies":[{"embeddable":true,"href":"https:\/\/altalenaitaly.com\/index.php?rest_route=%2Fwp%2Fv2%2Fcomments&post=4483"}],"version-history":[{"count":0,"href":"https:\/\/altalenaitaly.com\/index.php?rest_route=\/wp\/v2\/pages\/4483\/revisions"}],"up":[{"embeddable":true,"href":"https:\/\/altalenaitaly.com\/index.php?rest_route=\/wp\/v2\/pages\/4478"}],"wp:attachment":[{"href":"https:\/\/altalenaitaly.com\/index.php?rest_route=%2Fwp%2Fv2%2Fmedia&parent=4483"}],"curies":[{"name":"wp","href":"https:\/\/api.w.org\/{rel}","templated":true}]}}