{"id":4455,"date":"2020-11-04T10:15:49","date_gmt":"2020-11-04T10:15:49","guid":{"rendered":"https:\/\/altalenaitaly.com\/business\/politica-de-privacidad\/"},"modified":"2020-12-06T22:42:20","modified_gmt":"2020-12-06T22:42:20","slug":"politica-de-privacidad","status":"publish","type":"page","link":"https:\/\/altalenaitaly.com\/?page_id=4455&lang=es","title":{"rendered":"Pol\u00edtica de Privacidad"},"content":{"rendered":"<p>[et_pb_section fb_built=&#8221;1&#8243; _builder_version=&#8221;4.6.5&#8243; _module_preset=&#8221;default&#8221;][et_pb_row _builder_version=&#8221;4.6.5&#8243; _module_preset=&#8221;default&#8221;][et_pb_column type=&#8221;4_4&#8243; _builder_version=&#8221;4.6.5&#8243; _module_preset=&#8221;default&#8221;][et_pb_post_title meta=&#8221;off&#8221; _builder_version=&#8221;4.6.6&#8243; _module_preset=&#8221;default&#8221; title_font=&#8221;|||on|||||&#8221; text_orientation=&#8221;center&#8221;][\/et_pb_post_title][et_pb_text _builder_version=&#8221;4.7.4&#8243; _module_preset=&#8221;default&#8221; text_font_size=&#8221;16px&#8221; text_line_height=&#8221;1.6em&#8221; link_font=&#8221;||||on|||#000000|&#8221; link_text_color=&#8221;#000000&#8243; header_3_font=&#8221;|700|||||||&#8221; hover_enabled=&#8221;0&#8243; custom_padding=&#8221;|||0px||&#8221; sticky_enabled=&#8221;0&#8243;]<\/p>\n<ul>\n<li style=\"text-align: justify;\">\n<p><strong>Informaci\u00f3n sobre protecci\u00f3n de datos \u00a0<\/strong><\/p>\n<p>La presente informaci\u00f3n sobre protecci\u00f3n de datos relativa al uso de la p\u00e1gina web con nombre de dominio <a href=\"https:\/\/www.altalenaitaly.com\">https:\/\/www.altalenaitaly.com<\/a> (en adelante, el &#8220;p\u00e1gina web &#8220;) entra en vigor el 01\/10\/2019. Direcci\u00f3n electr\u00f3nica de contacto: info@altalenaitaly.com<\/p>\n<p>&nbsp;<\/p>\n<p>ALTALENA ITALY de Feras Kouki como propietario \u00fanico, con sede administrativa en VIA DELLA SCALA 48\/A ROMA (RM)\u00a0 CAP 00153\u00a0 y registrada en la C\u00e1mara de Comercio, Industria, Artesan\u00eda y Agricultura de Roma con n\u00fam. REA &#8211; 1166975 Del registro de empresas, con la partita IVA n. 09463191008\u00a0 en su funci\u00f3n de unidad responsable (en adelante tambi\u00e9n denominada &#8220;Altalena Italy &#8220;) informa a los usuarios que despu\u00e9s del uso de la p\u00e1gina web se reserva el derecho de utilizar los datos personales, facilitados voluntariamente por los Usuarios, de conformidad con la normativa vigente en materia de protecci\u00f3n de datos personales (art\u00edculo 13 y siguientes del Decreto Legislativo 196\/2003 y de conformidad con el Reglamento de la GDPR (UE) \u00a0UE n. 2016 \/ 679).<\/p>\n<p>&nbsp;<\/p>\n<p>Se invita a los usuarios a visitar peri\u00f3dicamente esta secci\u00f3n para actualizarse sobre los cambios relacionados con los cambios en la legislaci\u00f3n vigente.<\/p>\n<p>&nbsp;<\/p>\n<p><strong>C\u00f3mo indicar datos personales y consecuencias en caso de denegaci\u00f3n<\/strong><\/p>\n<p>El suministro de datos personales por parte del usuario se realiza de forma voluntaria. Los usuarios pueden decidir libremente si proporcionan a Altalena Italy sus datos personales y pueden retractarse de su consentimiento para el tratamiento de los datos personales previamente proporcionados. En algunos casos, la revocaci\u00f3n puede hacer que sea imposible continuar utilizando el sitio web de Altalena Italy.<\/p>\n<p><strong>Finalidad de los datos y consentimiento al tratamiento <\/strong><\/p>\n<p>El tratamiento de los datos personales de los usuarios se realiza \u00fanicamente cuando sea necesario y exclusivamente por v\u00eda electr\u00f3nica, mediante: detecci\u00f3n, registro, organizaci\u00f3n, almacenamiento, consulta, tratamiento, modificaci\u00f3n, selecci\u00f3n, extracci\u00f3n, comparaci\u00f3n, uso, interconexi\u00f3n, acceso y comunicaci\u00f3n, bloqueo, cancelaci\u00f3n y destrucci\u00f3n de datos. Los procesos de tratamiento se pueden realizar de forma electr\u00f3nica y no electr\u00f3nica.<\/p>\n<p>Se requieren los &#8220;datos personales&#8221; del Usuario (por ejemplo, nombre, apellidos, direcci\u00f3n de correo electr\u00f3nico, n\u00famero de tel\u00e9fono, etc.) solo en el caso en que los usuarios se registren en la web www.altalenaitaly.com (por ejemplo, para solicitudes de contacto y suscripci\u00f3n a boletines).<\/p>\n<p>En tales casos, se proporciona al Usuario la informaci\u00f3n adecuada y, en los casos en que sea necesario, se le invita a dar su consentimiento. El tratamiento de los datos facilitados por el usuario se llevar\u00e1 a cabo de conformidad con las finalidades y m\u00e9todos indicados en la presente informaci\u00f3n y de las informaciones espec\u00edficas puesta a su disposici\u00f3n.<\/p>\n<p>Los Usuarios, mediante la marcaci\u00f3n de la casilla, pueden aceptar expresamente y de forma libre e inequ\u00edvoca que sus datos personales sean tratados por parte del Prestador para realizar las siguientes finalidades:<\/p>\n<ul>\n<li>Procesamiento de solicitudes de usuarios (por ejemplo, gesti\u00f3n de solicitudes de contacto, gesti\u00f3n de \u00f3rdenes de contacto para boletines electr\u00f3nicos peri\u00f3dicos que contienen informaci\u00f3n promocional).<\/li>\n<li>Permitir que los usuarios se registren en la p\u00e1gina web.<\/li>\n<li>Administraci\u00f3n t\u00e9cnica del sitio y funciones operativas, incluida la soluci\u00f3n de problemas t\u00e9cnicos, an\u00e1lisis estad\u00edstico, pruebas e investigaci\u00f3n.<\/li>\n<li>Evitar actividades fraudulentas o abusos en el sitio o en relaci\u00f3n con \u00e9l.<\/li>\n<li>Cumplir con los requisitos de las leyes vigentes, para proteger la seguridad de la persona y los derechos y propiedad de Altalena Italy y para prevenir enga\u00f1os o problemas de seguridad o t\u00e9cnicos.<\/li>\n<\/ul>\n<p>La base legal para el tratamiento de datos personales est\u00e1 constituida por el art. 6 letras a, b, e f de la GDRP. El inter\u00e9s leg\u00edtimo de Altalena Italy se deriva del procesamiento de datos personales con fines publicitarios directos de conformidad con el art. 6 I letra f de la GDRP.<\/p>\n<p>Los datos personales transmitidos por los navegadores de Internet de los usuarios cada vez que acceden al sitio, que se almacenan en archivos de registro, tambi\u00e9n conocidos como archivos de registro del servidor. Estos datos incluyen: direcci\u00f3n IP (direcci\u00f3n de protocolo de Internet) de la computadora que accede; nombre de la p\u00e1gina a la que tiene acceso el usuario; fecha y hora de acceso; URL desde la que el usuario tiene acceso al sitio; n\u00famero de datos transmitidos; notificaci\u00f3n de estado para acceso exitoso; n\u00famero de identificaci\u00f3n de sesi\u00f3n.<\/p>\n<p>A tal efecto, Altalena Italy adopta las medidas de seguridad adecuadas con el fin de minimizar los riesgos de destrucci\u00f3n o p\u00e9rdida de datos, acceso no autorizado o tratamiento no consentido o que no cumple con las finalidades indicadas. Sin embargo, no puede garantizar a sus Usuarios que las medidas adoptadas para la seguridad del sitio y la transmisi\u00f3n de datos e informaci\u00f3n en el sitio, puedan limitar o excluir cualquier riesgo de acceso no autorizado o p\u00e9rdida de datos por parte de los dispositivos pertenecientes al Usuario.<\/p>\n<p>Por este motivo, se sugiere a los Usuarios del sitio que se aseguren de utilizar el software adecuado para la protecci\u00f3n de la transmisi\u00f3n de datos a trav\u00e9s de la red (por ejemplo, antivirus actualizado) y que su proveedor de Internet haya adoptado las medidas adecuadas para la seguridad de la transmisi\u00f3n de datos de red.<\/p>\n<p><strong>Informaci\u00f3n y Acceso a los datos<\/strong><\/p>\n<p>Como unidad responsable, podemos proporcionar informaci\u00f3n sobre sus datos personales. Sin embargo, esto solo se puede hacer para los siguientes prop\u00f3sitos:<\/p>\n<ul>\n<li>Cumplimiento de obligaciones legales o derivadas de ordenanzas y directivas de legislaci\u00f3n nacional o europea;<\/li>\n<li>Defensa ante los tribunales en caso de disputa.<\/li>\n<\/ul>\n<p>Los datos facilitados voluntariamente por los Usuarios son procesados \u200b\u200bpor Altalena Italy, espec\u00edficamente por:<\/p>\n<ul>\n<li>Colaboradores y consultores autorizados para administrar el sitio y poner a disposici\u00f3n los servicios relacionados. Empresas de terceros proveedores (por ejemplo, proveedores de TI, proveedores de hosting, etc.), a los que Altalena Italy ha subcontratado servicios con procesos de procesamiento de datos en el contexto del cumplimiento de un pedido.<\/li>\n<\/ul>\n<p>Altalena Italy como responsable, garantiza a los Usuarios que el tratamiento de los datos personales ser\u00e1 reservado y utilizado \u00fanicamente para los fines estrictamente relacionados con la prestaci\u00f3n de sus servicios y pedidos, as\u00ed como para gestionar la informaci\u00f3n de los usuarios, clientes, proveedores o empleados y de prospecci\u00f3n comercial.<\/p>\n<p>Los datos proporcionados por los Usuarios en ning\u00fan caso ser\u00e1n comunicados o cedidos a terceros, salvo los sujetos cuyo derecho de acceso a los datos est\u00e9 reconocido por la ley o por orden de las autoridades, as\u00ed como los sujetos, incluidos los externos, de los que Altalena Italy de Feras Kouki utiliza para la realizaci\u00f3n de actividades instrumentales y \/ o auxiliares a los servicios ofertados.<\/p>\n<p><strong>Almacenamiento y eliminaci\u00f3n de datos<\/strong><\/p>\n<p>Salvo que se disponga lo contrario en la informaci\u00f3n individual, el tratamiento de los datos personales tendr\u00e1 lugar durante todo el per\u00edodo en el que el interesado utilice el sitio web www.altalenaitaly.com y los servicios que se prestan a trav\u00e9s del mismo.<\/p>\n<p>Altalena Italy almacena los datos personales durante el per\u00edodo necesario para lograr los fines para los que se recopilan y reprocesan, incluido el per\u00edodo de custodia requerido por las leyes vigentes (por ejemplo, conservaci\u00f3n de la documentaci\u00f3n contable) y, en cualquier caso, un m\u00e1ximo de 24 meses despu\u00e9s de la recopilaci\u00f3n de datos personales.<\/p>\n<p><strong>Derechos de los Usuarios<\/strong><\/p>\n<p>Altalena Italy informa que, de conformidad con el art. del 15 al 22 del Reglamento UE 679\/2016 y art. 7 del Decreto Legislativo 196\/2003, los Usuarios pueden solicitar la siguiente informaci\u00f3n en <a href=\"mailto:info@altalenaitaly.com\">info@altalenaitaly.com<\/a><\/p>\n<ol>\n<li>Confirmaci\u00f3n de la existencia o no de datos personales que les conciernen.<\/li>\n<li>Comunicaci\u00f3n clara de los datos y su origen.<\/li>\n<li>La raz\u00f3n y finalidad de su existencia y su uso.<\/li>\n<li>Cancelaci\u00f3n o modificaci\u00f3n de dichos datos debido a la violaci\u00f3n de la ley.<\/li>\n<li>Cancelaci\u00f3n de datos que no puedan ser utilizados por los motivos por los que fueron recabados.<\/li>\n<\/ol>\n<p>La solicitud de la informaci\u00f3n enumerada anteriormente se puede renovar con un intervalo m\u00ednimo de 90 d\u00edas, excepto en aquellos casos en que exista causa justa.<\/p>\n<p>El Usuario tambi\u00e9n tiene derecho a presentar una queja ante la autoridad de control (&#8220;Garant\u00eda para la protecci\u00f3n de datos personales&#8221;).<\/p>\n<p>Finalmente, el Usuario puede revocar el consentimiento prestado para el tratamiento de datos en cualquier momento.<\/p>\n<p>&nbsp;<\/p>\n<\/li>\n<\/ul>\n<p>[\/et_pb_text][\/et_pb_column][\/et_pb_row][\/et_pb_section]<\/p>\n","protected":false},"excerpt":{"rendered":"<p>Informaci\u00f3n sobre protecci\u00f3n de datos \u00a0 La presente informaci\u00f3n sobre protecci\u00f3n de datos relativa al uso de la p\u00e1gina web con nombre de dominio https:\/\/www.altalenaitaly.com (en adelante, el &#8220;p\u00e1gina web &#8220;) entra en vigor el 01\/10\/2019. Direcci\u00f3n electr\u00f3nica de contacto: info@altalenaitaly.com &nbsp; ALTALENA ITALY de Feras Kouki como propietario \u00fanico, con sede administrativa en VIA [&hellip;]<\/p>\n","protected":false},"author":4,"featured_media":0,"parent":4448,"menu_order":0,"comment_status":"closed","ping_status":"closed","template":"","meta":{"_et_pb_use_builder":"on","_et_pb_old_content":"","_et_gb_content_width":"","footnotes":""},"class_list":["post-4455","page","type-page","status-publish","hentry"],"yoast_head":"<!-- This site is optimized with the Yoast SEO Premium plugin v22.1 (Yoast SEO v27.5) - https:\/\/yoast.com\/product\/yoast-seo-premium-wordpress\/ -->\n<title>Pol\u00edtica de Privacidad - Altalena Italy<\/title>\n<meta name=\"robots\" content=\"index, follow, max-snippet:-1, max-image-preview:large, max-video-preview:-1\" \/>\n<link rel=\"canonical\" href=\"https:\/\/altalenaitaly.com\/?page_id=4455\" \/>\n<meta property=\"og:locale\" content=\"en_US\" \/>\n<meta property=\"og:type\" content=\"article\" \/>\n<meta property=\"og:title\" content=\"Pol\u00edtica de Privacidad\" \/>\n<meta property=\"og:description\" content=\"Informaci\u00f3n sobre protecci\u00f3n de datos \u00a0 La presente informaci\u00f3n sobre protecci\u00f3n de datos relativa al uso de la p\u00e1gina web con nombre de dominio https:\/\/www.altalenaitaly.com (en adelante, el &quot;p\u00e1gina web &quot;) entra en vigor el 01\/10\/2019. Direcci\u00f3n electr\u00f3nica de contacto: info@altalenaitaly.com &nbsp; ALTALENA ITALY de Feras Kouki como propietario \u00fanico, con sede administrativa en VIA [&hellip;]\" \/>\n<meta property=\"og:url\" content=\"https:\/\/altalenaitaly.com\/?page_id=4455&amp;lang=es\" \/>\n<meta property=\"og:site_name\" content=\"Altalena Italy\" \/>\n<meta property=\"article:publisher\" content=\"https:\/\/www.facebook.com\/Altalena-Italy-323694341670693\" \/>\n<meta property=\"article:modified_time\" content=\"2020-12-06T22:42:20+00:00\" \/>\n<meta name=\"twitter:card\" content=\"summary_large_image\" \/>\n<meta name=\"twitter:label1\" content=\"Est. reading time\" \/>\n\t<meta name=\"twitter:data1\" content=\"8 minutes\" \/>\n<script type=\"application\/ld+json\" class=\"yoast-schema-graph\">{\"@context\":\"https:\\\/\\\/schema.org\",\"@graph\":[{\"@type\":\"WebPage\",\"@id\":\"https:\\\/\\\/altalenaitaly.com\\\/?page_id=4455&lang=es\",\"url\":\"https:\\\/\\\/altalenaitaly.com\\\/?page_id=4455&lang=es\",\"name\":\"Pol\u00edtica de Privacidad - Altalena Italy\",\"isPartOf\":{\"@id\":\"https:\\\/\\\/altalenaitaly.com\\\/#website\"},\"datePublished\":\"2020-11-04T10:15:49+00:00\",\"dateModified\":\"2020-12-06T22:42:20+00:00\",\"breadcrumb\":{\"@id\":\"https:\\\/\\\/altalenaitaly.com\\\/?page_id=4455&lang=es#breadcrumb\"},\"inLanguage\":\"en-US\",\"potentialAction\":[{\"@type\":\"ReadAction\",\"target\":[\"https:\\\/\\\/altalenaitaly.com\\\/?page_id=4455&lang=es\"]}]},{\"@type\":\"BreadcrumbList\",\"@id\":\"https:\\\/\\\/altalenaitaly.com\\\/?page_id=4455&lang=es#breadcrumb\",\"itemListElement\":[{\"@type\":\"ListItem\",\"position\":1,\"name\":\"Home\",\"item\":\"https:\\\/\\\/altalenaitaly.com\\\/\"},{\"@type\":\"ListItem\",\"position\":2,\"name\":\"Business\",\"item\":\"https:\\\/\\\/altalenaitaly.com\\\/?page_id=434\"},{\"@type\":\"ListItem\",\"position\":3,\"name\":\"Pol\u00edtica de Privacidad\"}]},{\"@type\":\"WebSite\",\"@id\":\"https:\\\/\\\/altalenaitaly.com\\\/#website\",\"url\":\"https:\\\/\\\/altalenaitaly.com\\\/\",\"name\":\"Altalena Italy\",\"description\":\"Jewelry\",\"potentialAction\":[{\"@type\":\"SearchAction\",\"target\":{\"@type\":\"EntryPoint\",\"urlTemplate\":\"https:\\\/\\\/altalenaitaly.com\\\/?s={search_term_string}\"},\"query-input\":{\"@type\":\"PropertyValueSpecification\",\"valueRequired\":true,\"valueName\":\"search_term_string\"}}],\"inLanguage\":\"en-US\"}]}<\/script>\n<!-- \/ Yoast SEO Premium plugin. -->","yoast_head_json":{"title":"Pol\u00edtica de Privacidad - Altalena Italy","robots":{"index":"index","follow":"follow","max-snippet":"max-snippet:-1","max-image-preview":"max-image-preview:large","max-video-preview":"max-video-preview:-1"},"canonical":"https:\/\/altalenaitaly.com\/?page_id=4455","og_locale":"en_US","og_type":"article","og_title":"Pol\u00edtica de Privacidad","og_description":"Informaci\u00f3n sobre protecci\u00f3n de datos \u00a0 La presente informaci\u00f3n sobre protecci\u00f3n de datos relativa al uso de la p\u00e1gina web con nombre de dominio https:\/\/www.altalenaitaly.com (en adelante, el \"p\u00e1gina web \") entra en vigor el 01\/10\/2019. Direcci\u00f3n electr\u00f3nica de contacto: info@altalenaitaly.com &nbsp; ALTALENA ITALY de Feras Kouki como propietario \u00fanico, con sede administrativa en VIA [&hellip;]","og_url":"https:\/\/altalenaitaly.com\/?page_id=4455&lang=es","og_site_name":"Altalena Italy","article_publisher":"https:\/\/www.facebook.com\/Altalena-Italy-323694341670693","article_modified_time":"2020-12-06T22:42:20+00:00","twitter_card":"summary_large_image","twitter_misc":{"Est. reading time":"8 minutes"},"schema":{"@context":"https:\/\/schema.org","@graph":[{"@type":"WebPage","@id":"https:\/\/altalenaitaly.com\/?page_id=4455&lang=es","url":"https:\/\/altalenaitaly.com\/?page_id=4455&lang=es","name":"Pol\u00edtica de Privacidad - Altalena Italy","isPartOf":{"@id":"https:\/\/altalenaitaly.com\/#website"},"datePublished":"2020-11-04T10:15:49+00:00","dateModified":"2020-12-06T22:42:20+00:00","breadcrumb":{"@id":"https:\/\/altalenaitaly.com\/?page_id=4455&lang=es#breadcrumb"},"inLanguage":"en-US","potentialAction":[{"@type":"ReadAction","target":["https:\/\/altalenaitaly.com\/?page_id=4455&lang=es"]}]},{"@type":"BreadcrumbList","@id":"https:\/\/altalenaitaly.com\/?page_id=4455&lang=es#breadcrumb","itemListElement":[{"@type":"ListItem","position":1,"name":"Home","item":"https:\/\/altalenaitaly.com\/"},{"@type":"ListItem","position":2,"name":"Business","item":"https:\/\/altalenaitaly.com\/?page_id=434"},{"@type":"ListItem","position":3,"name":"Pol\u00edtica de Privacidad"}]},{"@type":"WebSite","@id":"https:\/\/altalenaitaly.com\/#website","url":"https:\/\/altalenaitaly.com\/","name":"Altalena Italy","description":"Jewelry","potentialAction":[{"@type":"SearchAction","target":{"@type":"EntryPoint","urlTemplate":"https:\/\/altalenaitaly.com\/?s={search_term_string}"},"query-input":{"@type":"PropertyValueSpecification","valueRequired":true,"valueName":"search_term_string"}}],"inLanguage":"en-US"}]}},"_links":{"self":[{"href":"https:\/\/altalenaitaly.com\/index.php?rest_route=\/wp\/v2\/pages\/4455","targetHints":{"allow":["GET"]}}],"collection":[{"href":"https:\/\/altalenaitaly.com\/index.php?rest_route=\/wp\/v2\/pages"}],"about":[{"href":"https:\/\/altalenaitaly.com\/index.php?rest_route=\/wp\/v2\/types\/page"}],"author":[{"embeddable":true,"href":"https:\/\/altalenaitaly.com\/index.php?rest_route=\/wp\/v2\/users\/4"}],"replies":[{"embeddable":true,"href":"https:\/\/altalenaitaly.com\/index.php?rest_route=%2Fwp%2Fv2%2Fcomments&post=4455"}],"version-history":[{"count":0,"href":"https:\/\/altalenaitaly.com\/index.php?rest_route=\/wp\/v2\/pages\/4455\/revisions"}],"up":[{"embeddable":true,"href":"https:\/\/altalenaitaly.com\/index.php?rest_route=\/wp\/v2\/pages\/4448"}],"wp:attachment":[{"href":"https:\/\/altalenaitaly.com\/index.php?rest_route=%2Fwp%2Fv2%2Fmedia&parent=4455"}],"curies":[{"name":"wp","href":"https:\/\/api.w.org\/{rel}","templated":true}]}}