{"id":4449,"date":"2020-11-04T10:13:20","date_gmt":"2020-11-04T10:13:20","guid":{"rendered":"https:\/\/altalenaitaly.com\/business\/quienes-somos\/"},"modified":"2020-11-04T10:13:22","modified_gmt":"2020-11-04T10:13:22","slug":"quienes-somos","status":"publish","type":"page","link":"https:\/\/altalenaitaly.com\/?page_id=4449&lang=es","title":{"rendered":"Quienes Somos"},"content":{"rendered":"<p>[et_pb_section fb_built=&#8221;1&#8243; _builder_version=&#8221;4.6.5&#8243; _module_preset=&#8221;default&#8221;][et_pb_row _builder_version=&#8221;4.6.5&#8243; _module_preset=&#8221;default&#8221;][et_pb_column type=&#8221;4_4&#8243; _builder_version=&#8221;4.6.5&#8243; _module_preset=&#8221;default&#8221;][et_pb_post_title meta=&#8221;off&#8221; _builder_version=&#8221;4.6.6&#8243; _module_preset=&#8221;default&#8221; text_orientation=&#8221;center&#8221; hover_enabled=&#8221;0&#8243; title_font=&#8221;|||on|||||&#8221; sticky_enabled=&#8221;0&#8243;][\/et_pb_post_title][et_pb_text _builder_version=&#8221;4.6.5&#8243; _module_preset=&#8221;default&#8221; text_font_size=&#8221;16px&#8221; text_line_height=&#8221;1.6em&#8221; text_orientation=&#8221;center&#8221;]<\/p>\n<p><strong>ALTALENA ITALY<\/strong> es el fruto de a\u00f1os de esfuerzo, un sue\u00f1o hecho realidad. Es un proyecto de vida que inicia a escribir su historia con nuestra uni\u00f3n. Es el resultado de una equilibrada combinaci\u00f3n entre talento creativo y pasi\u00f3n por las joyas, con el fin de consolidar una marca de mujeres y para mujeres. Creemos en el valor de los peque\u00f1os detalles, que nos hipnotizan y son nuestro est\u00edmulo para seguir caminando hacia adelante. Apostamos por aquello que amamos, y es la curiosidad por descubrir, la que nos lleva a crear nuestros dise\u00f1os.<\/p>\n<p>Nuestros pilares se basan en un dise\u00f1o simple y elegante, que acompa\u00f1a y potencia la expresi\u00f3n de la mujer de hoy y del ma\u00f1ana en cualquier situaci\u00f3n. Intentamos transmitir nuestra pasi\u00f3n por la joyer\u00eda en cada una de nuestras creaciones. Nuestro objetivo es que <strong>ALTALENA ITALY<\/strong> sea una marca moderna, capaz de adaptarse a las tendencias del momento y establecer las suyas propias.<\/p>\n<p>[\/et_pb_text][\/et_pb_column][\/et_pb_row][\/et_pb_section]<\/p>\n","protected":false},"excerpt":{"rendered":"<p>ALTALENA ITALY es el fruto de a\u00f1os de esfuerzo, un sue\u00f1o hecho realidad. Es un proyecto de vida que inicia a escribir su historia con nuestra uni\u00f3n. Es el resultado de una equilibrada combinaci\u00f3n entre talento creativo y pasi\u00f3n por las joyas, con el fin de consolidar una marca de mujeres y para mujeres. Creemos [&hellip;]<\/p>\n","protected":false},"author":4,"featured_media":0,"parent":4448,"menu_order":0,"comment_status":"closed","ping_status":"closed","template":"","meta":{"_et_pb_use_builder":"on","_et_pb_old_content":"","_et_gb_content_width":"","footnotes":""},"class_list":["post-4449","page","type-page","status-publish","hentry"],"yoast_head":"<!-- This site is optimized with the Yoast SEO Premium plugin v22.1 (Yoast SEO v27.6) - https:\/\/yoast.com\/product\/yoast-seo-premium-wordpress\/ -->\n<title>Quienes Somos - Altalena Italy<\/title>\n<meta name=\"robots\" content=\"index, follow, max-snippet:-1, max-image-preview:large, max-video-preview:-1\" \/>\n<link rel=\"canonical\" href=\"https:\/\/altalenaitaly.com\/?page_id=4449\" \/>\n<meta property=\"og:locale\" content=\"en_US\" \/>\n<meta property=\"og:type\" content=\"article\" \/>\n<meta property=\"og:title\" content=\"Quienes Somos\" \/>\n<meta property=\"og:description\" content=\"ALTALENA ITALY es el fruto de a\u00f1os de esfuerzo, un sue\u00f1o hecho realidad. Es un proyecto de vida que inicia a escribir su historia con nuestra uni\u00f3n. Es el resultado de una equilibrada combinaci\u00f3n entre talento creativo y pasi\u00f3n por las joyas, con el fin de consolidar una marca de mujeres y para mujeres. Creemos [&hellip;]\" \/>\n<meta property=\"og:url\" content=\"https:\/\/altalenaitaly.com\/?page_id=4449&amp;lang=es\" \/>\n<meta property=\"og:site_name\" content=\"Altalena Italy\" \/>\n<meta property=\"article:publisher\" content=\"https:\/\/www.facebook.com\/Altalena-Italy-323694341670693\" \/>\n<meta property=\"article:modified_time\" content=\"2020-11-04T10:13:22+00:00\" \/>\n<meta name=\"twitter:card\" content=\"summary_large_image\" \/>\n<meta name=\"twitter:label1\" content=\"Est. reading time\" \/>\n\t<meta name=\"twitter:data1\" content=\"1 minute\" \/>\n<script type=\"application\/ld+json\" class=\"yoast-schema-graph\">{\"@context\":\"https:\\\/\\\/schema.org\",\"@graph\":[{\"@type\":\"WebPage\",\"@id\":\"https:\\\/\\\/altalenaitaly.com\\\/?page_id=4449&lang=es\",\"url\":\"https:\\\/\\\/altalenaitaly.com\\\/?page_id=4449&lang=es\",\"name\":\"Quienes Somos - Altalena Italy\",\"isPartOf\":{\"@id\":\"https:\\\/\\\/altalenaitaly.com\\\/#website\"},\"datePublished\":\"2020-11-04T10:13:20+00:00\",\"dateModified\":\"2020-11-04T10:13:22+00:00\",\"breadcrumb\":{\"@id\":\"https:\\\/\\\/altalenaitaly.com\\\/?page_id=4449&lang=es#breadcrumb\"},\"inLanguage\":\"en-US\",\"potentialAction\":[{\"@type\":\"ReadAction\",\"target\":[\"https:\\\/\\\/altalenaitaly.com\\\/?page_id=4449&lang=es\"]}]},{\"@type\":\"BreadcrumbList\",\"@id\":\"https:\\\/\\\/altalenaitaly.com\\\/?page_id=4449&lang=es#breadcrumb\",\"itemListElement\":[{\"@type\":\"ListItem\",\"position\":1,\"name\":\"Home\",\"item\":\"https:\\\/\\\/altalenaitaly.com\\\/\"},{\"@type\":\"ListItem\",\"position\":2,\"name\":\"Business\",\"item\":\"https:\\\/\\\/altalenaitaly.com\\\/?page_id=434\"},{\"@type\":\"ListItem\",\"position\":3,\"name\":\"Quienes Somos\"}]},{\"@type\":\"WebSite\",\"@id\":\"https:\\\/\\\/altalenaitaly.com\\\/#website\",\"url\":\"https:\\\/\\\/altalenaitaly.com\\\/\",\"name\":\"Altalena Italy\",\"description\":\"Jewelry\",\"potentialAction\":[{\"@type\":\"SearchAction\",\"target\":{\"@type\":\"EntryPoint\",\"urlTemplate\":\"https:\\\/\\\/altalenaitaly.com\\\/?s={search_term_string}\"},\"query-input\":{\"@type\":\"PropertyValueSpecification\",\"valueRequired\":true,\"valueName\":\"search_term_string\"}}],\"inLanguage\":\"en-US\"}]}<\/script>\n<!-- \/ Yoast SEO Premium plugin. -->","yoast_head_json":{"title":"Quienes Somos - Altalena Italy","robots":{"index":"index","follow":"follow","max-snippet":"max-snippet:-1","max-image-preview":"max-image-preview:large","max-video-preview":"max-video-preview:-1"},"canonical":"https:\/\/altalenaitaly.com\/?page_id=4449","og_locale":"en_US","og_type":"article","og_title":"Quienes Somos","og_description":"ALTALENA ITALY es el fruto de a\u00f1os de esfuerzo, un sue\u00f1o hecho realidad. Es un proyecto de vida que inicia a escribir su historia con nuestra uni\u00f3n. Es el resultado de una equilibrada combinaci\u00f3n entre talento creativo y pasi\u00f3n por las joyas, con el fin de consolidar una marca de mujeres y para mujeres. Creemos [&hellip;]","og_url":"https:\/\/altalenaitaly.com\/?page_id=4449&lang=es","og_site_name":"Altalena Italy","article_publisher":"https:\/\/www.facebook.com\/Altalena-Italy-323694341670693","article_modified_time":"2020-11-04T10:13:22+00:00","twitter_card":"summary_large_image","twitter_misc":{"Est. reading time":"1 minute"},"schema":{"@context":"https:\/\/schema.org","@graph":[{"@type":"WebPage","@id":"https:\/\/altalenaitaly.com\/?page_id=4449&lang=es","url":"https:\/\/altalenaitaly.com\/?page_id=4449&lang=es","name":"Quienes Somos - Altalena Italy","isPartOf":{"@id":"https:\/\/altalenaitaly.com\/#website"},"datePublished":"2020-11-04T10:13:20+00:00","dateModified":"2020-11-04T10:13:22+00:00","breadcrumb":{"@id":"https:\/\/altalenaitaly.com\/?page_id=4449&lang=es#breadcrumb"},"inLanguage":"en-US","potentialAction":[{"@type":"ReadAction","target":["https:\/\/altalenaitaly.com\/?page_id=4449&lang=es"]}]},{"@type":"BreadcrumbList","@id":"https:\/\/altalenaitaly.com\/?page_id=4449&lang=es#breadcrumb","itemListElement":[{"@type":"ListItem","position":1,"name":"Home","item":"https:\/\/altalenaitaly.com\/"},{"@type":"ListItem","position":2,"name":"Business","item":"https:\/\/altalenaitaly.com\/?page_id=434"},{"@type":"ListItem","position":3,"name":"Quienes Somos"}]},{"@type":"WebSite","@id":"https:\/\/altalenaitaly.com\/#website","url":"https:\/\/altalenaitaly.com\/","name":"Altalena Italy","description":"Jewelry","potentialAction":[{"@type":"SearchAction","target":{"@type":"EntryPoint","urlTemplate":"https:\/\/altalenaitaly.com\/?s={search_term_string}"},"query-input":{"@type":"PropertyValueSpecification","valueRequired":true,"valueName":"search_term_string"}}],"inLanguage":"en-US"}]}},"_links":{"self":[{"href":"https:\/\/altalenaitaly.com\/index.php?rest_route=\/wp\/v2\/pages\/4449","targetHints":{"allow":["GET"]}}],"collection":[{"href":"https:\/\/altalenaitaly.com\/index.php?rest_route=\/wp\/v2\/pages"}],"about":[{"href":"https:\/\/altalenaitaly.com\/index.php?rest_route=\/wp\/v2\/types\/page"}],"author":[{"embeddable":true,"href":"https:\/\/altalenaitaly.com\/index.php?rest_route=\/wp\/v2\/users\/4"}],"replies":[{"embeddable":true,"href":"https:\/\/altalenaitaly.com\/index.php?rest_route=%2Fwp%2Fv2%2Fcomments&post=4449"}],"version-history":[{"count":0,"href":"https:\/\/altalenaitaly.com\/index.php?rest_route=\/wp\/v2\/pages\/4449\/revisions"}],"up":[{"embeddable":true,"href":"https:\/\/altalenaitaly.com\/index.php?rest_route=\/wp\/v2\/pages\/4448"}],"wp:attachment":[{"href":"https:\/\/altalenaitaly.com\/index.php?rest_route=%2Fwp%2Fv2%2Fmedia&parent=4449"}],"curies":[{"name":"wp","href":"https:\/\/api.w.org\/{rel}","templated":true}]}}