{"id":4163,"date":"2020-11-02T15:45:09","date_gmt":"2020-11-02T15:45:09","guid":{"rendered":"https:\/\/altalenaitaly.com\/informazioni\/spedizioni-e-consegne\/"},"modified":"2020-12-02T11:54:08","modified_gmt":"2020-12-02T11:54:08","slug":"spedizioni-e-consegne","status":"publish","type":"page","link":"https:\/\/altalenaitaly.com\/?page_id=4163&lang=it","title":{"rendered":"Spedizioni e Consegne"},"content":{"rendered":"<p>[et_pb_section fb_built=&#8221;1&#8243; _builder_version=&#8221;4.6.5&#8243; _module_preset=&#8221;default&#8221;][et_pb_row _builder_version=&#8221;4.6.5&#8243; _module_preset=&#8221;default&#8221;][et_pb_column type=&#8221;4_4&#8243; _builder_version=&#8221;4.6.5&#8243; _module_preset=&#8221;default&#8221;][et_pb_post_title meta=&#8221;off&#8221; _builder_version=&#8221;4.6.6&#8243; _module_preset=&#8221;default&#8221; title_font=&#8221;|||on|||||&#8221; text_orientation=&#8221;center&#8221;][\/et_pb_post_title][et_pb_text _builder_version=&#8221;4.6.5&#8243; _module_preset=&#8221;default&#8221; text_font_size=&#8221;16px&#8221; text_line_height=&#8221;1.6em&#8221; header_3_font=&#8221;|700|||||||&#8221;]<\/p>\n<h3>COVID-19<\/h3>\n<p><span style=\"font-weight: 400;\">La preparazione degli ordini viene effettuata seguendo le raccomandazioni indicate dalle istituzioni di salute e sicurezza per garantire sempre la tua sicurezza, quella del nostro team e quella di tutti gli intermediari distributori che partecipano al processo.<\/span><\/p>\n<p>[\/et_pb_text][et_pb_text _builder_version=&#8221;4.6.5&#8243; _module_preset=&#8221;default&#8221; text_font_size=&#8221;16px&#8221; text_line_height=&#8221;1.6em&#8221; link_font=&#8221;|600|||on|||#000000|&#8221; link_text_color=&#8221;#000000&#8243; header_3_font=&#8221;|700|||||||&#8221;]<\/p>\n<h3>INFORMAZIONI GENERALI<\/h3>\n<ul>\n<li><span style=\"font-weight: 400;\"> Tutti gli ordini vengono preparati e spediti una volta che il pagamento \u00e8 stato effettuato e confermato, entro un periodo massimo di 24 ore. Le spedizioni verranno effettuate solo nei giorni lavorativi, quindi gli ordini effettuati il \u200b\u200bsabato e la domenica verranno evasi il luned\u00ec. Se per motivi indipendenti dalla nostra volont\u00e0 non \u00e8 possibile inviare il tuo ordine, verrai avvisato tramite email insieme alla data stimata di spedizione.<\/span><\/li>\n<li><span style=\"font-weight: 400;\"> Riceverai un&#8217;e-mail per confermare che il tuo ordine \u00e8 stato elaborato correttamente. Quando avremo inviato il tuo ordine, riceverai un&#8217;e-mail con un collegamento per poter monitorare il tuo ordine in ogni momento. Se preferisci, puoi seguire il tuo numero d&#8217;ordine nella sezione &#8220;<\/span><span style=\"font-weight: 400;\">Tracciamento dell\u2019ordine\u201d.<\/span><\/li>\n<li><span style=\"font-weight: 400;\"> Assicurati di comunicarci il tuo numero di telefono e l&#8217;indirizzo esatto. Nel caso in cui il tuo pacco venga restituito dal corriere sia per indirizzo incompleto, impossibilit\u00e0 di localizzarti a casa o per non averti potuto contattare telefonicamente per la consegna, le spese di spedizione saranno sempre a carico del cliente, nonch\u00e9 eventuali oneri doganali o fiscali locali.<\/span><\/li>\n<li><span style=\"font-weight: 400;\"> \u00c8 possibile che durante i periodi promozionali le spese di spedizione siano gratuite, queste e altre promozioni saranno chiaramente indicate nel nostro negozio online. Ricorda che se ti iscrivi alla nostra Newsletter, godrai anche di questi ed altri vantaggi esclusivamente quando sono attivi.<\/span><\/li>\n<li><span style=\"font-weight: 400;\"> In date importanti come Natale o Black Friday, alcune spedizioni potrebbero subire un leggero ritardo nella consegna. Se il tuo ordine non arriva in un tempo considerevole, ti preghiamo di contattarci.<\/span><\/li>\n<li><span style=\"font-weight: 400;\"> Al fine di mantenere bassi i costi di spedizione, la confezione del tuo ordine prevede un&#8217;unica scatola regalo dove al suo interno troverai i tuoi gioielli fino ad un massimo di 3 pezzi. Se desideri ricevere pi\u00f9 di una confezione regalo, aggiungi la nostra opzione &#8220;Scatola aggiuntiva&#8221; per solo \u20ac 1.<\/span><\/li>\n<li><span style=\"font-weight: 400;\"> Spediamo in tutto il mondo*. Tutte le nostre consegne vengono effettuate dal nostro centro logistico di Roma. Le spese di spedizione variano a seconda del luogo di consegna per le diverse zone e vengono calcolate automaticamente.<\/span><\/li>\n<li><span style=\"font-weight: 400;\"> A volte le spedizioni in paesi al di fuori dell&#8217;UE possono incorrere in costi e tasse aggiuntive, che in ogni caso saranno a carico dell&#8217;acquirente. Ci impegniamo a svolgere le procedure e predisporre la documentazione necessaria per la relativa gestione doganale.<\/span><\/li>\n<li><span style=\"font-weight: 400;\"> * Il sabato e la domenica non si effettuano consegne<\/span><\/li>\n<\/ul>\n<p><b>Italia*:<\/b><\/p>\n<ul>\n<li><span style=\"font-weight: 400;\"> 5,95 \u20ac (gratuito per acquisti superiori a 60 \u20ac) &#8211; Consegna in 48-72 ore<\/span><\/li>\n<\/ul>\n<p><span style=\"font-weight: 400;\">* Per conoscere il prezzo delle spedizioni alle Isole, contatta il servizio clienti.<\/span><\/p>\n<p><b>Spagna* e Portogallo, Francia, Germania, Belgio, Paesi Bassi, Regno Unito,<\/b><\/p>\n<ul>\n<li><span style=\"font-weight: 400;\">6,95 \u20ac (gratuito per acquisti superiori a 90 \u20ac) &#8211; Consegna in 2-4 giorni<\/span><\/li>\n<li><span style=\"font-weight: 400;\"> Non effettuiamo spedizioni a: Isole Canarie, Ceuta, Melilla e Gibilterra.<\/span><\/li>\n<\/ul>\n<p><b>Austria, Bulgaria, Cipro, Croazia, Danimarca, Estonia, Finlandia, Grecia, Irlanda, Lettonia, Lituania, Lussemburgo, Malta, Norvegia, Paesi Bassi, Polonia, Repubblica Ceca, Romania, Slovenia, Slovacchia, Svezia, Ungheria.<\/b><\/p>\n<ul>\n<li><span style=\"font-weight: 400;\"> 7,95 \u20ac (gratuito per acquisti superiori a 100 \u20ac) &#8211; Consegna in 2-4 giorni<\/span><\/li>\n<\/ul>\n<p><b>Arabia Saudita, Argentina, Australia, Brasile, Canada, Cile, Israele, Stati Uniti<\/b><\/p>\n<ul>\n<li><span style=\"font-weight: 400;\"> \u20ac 12,95 (gratuito per acquisti superiori a \u20ac 120) &#8211; Consegna in 3-7 giorni<\/span><\/li>\n<\/ul>\n<p><b>Per spedizioni in altri paesi, contattaci e troveremo la soluzione pi\u00f9 adatta.<\/b><\/p>\n<p>&nbsp;<\/p>\n<p><span style=\"font-weight: 400;\">* Per motivi logistici, le spedizioni non sono disponibili per le seguenti localit\u00e0: Andorra, Bolivia, Colombia, Cuba, Groenlandia, Guyana francese, Guernisse, Isola Bouvet, Isola Norfolk, Isola di Man, Isola di Natale, Isole Alando, Isole Cayman , Isole Cocos, Isole Cook, Isole Faro, Georgia del Sud e Isole Sandwich meridionali, Isole Heard e McDonald, Isole Falkland, Isole Pitcairn, Isole Salomone, Isole Turks e Caicos, Isole Vergini britanniche, Isole minori esterne degli Stati Uniti. , Mauritius, Messico, Monaco, Polinesia francese, Riunione, Russia, Svizzera, Territori francesi meridionali, Venezuela.<\/span><\/p>\n<p>[\/et_pb_text][\/et_pb_column][\/et_pb_row][\/et_pb_section]<\/p>\n","protected":false},"excerpt":{"rendered":"<p>COVID-19 La preparazione degli ordini viene effettuata seguendo le raccomandazioni indicate dalle istituzioni di salute e sicurezza per garantire sempre la tua sicurezza, quella del nostro team e quella di tutti gli intermediari distributori che partecipano al processo.INFORMAZIONI GENERALI Tutti gli ordini vengono preparati e spediti una volta che il pagamento \u00e8 stato effettuato e [&hellip;]<\/p>\n","protected":false},"author":4,"featured_media":0,"parent":4133,"menu_order":0,"comment_status":"closed","ping_status":"closed","template":"","meta":{"_et_pb_use_builder":"on","_et_pb_old_content":"","_et_gb_content_width":"","footnotes":""},"class_list":["post-4163","page","type-page","status-publish","hentry"],"yoast_head":"<!-- This site is optimized with the Yoast SEO Premium plugin v22.1 (Yoast SEO v27.6) - https:\/\/yoast.com\/product\/yoast-seo-premium-wordpress\/ -->\n<title>Spedizioni e Consegne - Altalena Italy<\/title>\n<meta name=\"robots\" content=\"index, follow, max-snippet:-1, max-image-preview:large, max-video-preview:-1\" \/>\n<link rel=\"canonical\" href=\"https:\/\/altalenaitaly.com\/?page_id=4163\" \/>\n<meta property=\"og:locale\" content=\"en_US\" \/>\n<meta property=\"og:type\" content=\"article\" \/>\n<meta property=\"og:title\" content=\"Spedizioni e Consegne\" \/>\n<meta property=\"og:description\" content=\"COVID-19 La preparazione degli ordini viene effettuata seguendo le raccomandazioni indicate dalle istituzioni di salute e sicurezza per garantire sempre la tua sicurezza, quella del nostro team e quella di tutti gli intermediari distributori che partecipano al processo.INFORMAZIONI GENERALI Tutti gli ordini vengono preparati e spediti una volta che il pagamento \u00e8 stato effettuato e [&hellip;]\" \/>\n<meta property=\"og:url\" content=\"https:\/\/altalenaitaly.com\/?page_id=4163&amp;lang=it\" \/>\n<meta property=\"og:site_name\" content=\"Altalena Italy\" \/>\n<meta property=\"article:publisher\" content=\"https:\/\/www.facebook.com\/Altalena-Italy-323694341670693\" \/>\n<meta property=\"article:modified_time\" content=\"2020-12-02T11:54:08+00:00\" \/>\n<meta name=\"twitter:card\" content=\"summary_large_image\" \/>\n<meta name=\"twitter:label1\" content=\"Est. reading time\" \/>\n\t<meta name=\"twitter:data1\" content=\"4 minutes\" \/>\n<script type=\"application\/ld+json\" class=\"yoast-schema-graph\">{\"@context\":\"https:\\\/\\\/schema.org\",\"@graph\":[{\"@type\":\"WebPage\",\"@id\":\"https:\\\/\\\/altalenaitaly.com\\\/?page_id=4163&lang=it\",\"url\":\"https:\\\/\\\/altalenaitaly.com\\\/?page_id=4163&lang=it\",\"name\":\"Spedizioni e Consegne - Altalena Italy\",\"isPartOf\":{\"@id\":\"https:\\\/\\\/altalenaitaly.com\\\/#website\"},\"datePublished\":\"2020-11-02T15:45:09+00:00\",\"dateModified\":\"2020-12-02T11:54:08+00:00\",\"breadcrumb\":{\"@id\":\"https:\\\/\\\/altalenaitaly.com\\\/?page_id=4163&lang=it#breadcrumb\"},\"inLanguage\":\"en-US\",\"potentialAction\":[{\"@type\":\"ReadAction\",\"target\":[\"https:\\\/\\\/altalenaitaly.com\\\/?page_id=4163&lang=it\"]}]},{\"@type\":\"BreadcrumbList\",\"@id\":\"https:\\\/\\\/altalenaitaly.com\\\/?page_id=4163&lang=it#breadcrumb\",\"itemListElement\":[{\"@type\":\"ListItem\",\"position\":1,\"name\":\"Home\",\"item\":\"https:\\\/\\\/altalenaitaly.com\\\/\"},{\"@type\":\"ListItem\",\"position\":2,\"name\":\"Informazioni\",\"item\":\"https:\\\/\\\/altalenaitaly.com\\\/?page_id=101\"},{\"@type\":\"ListItem\",\"position\":3,\"name\":\"Spedizioni e Consegne\"}]},{\"@type\":\"WebSite\",\"@id\":\"https:\\\/\\\/altalenaitaly.com\\\/#website\",\"url\":\"https:\\\/\\\/altalenaitaly.com\\\/\",\"name\":\"Altalena Italy\",\"description\":\"Jewelry\",\"potentialAction\":[{\"@type\":\"SearchAction\",\"target\":{\"@type\":\"EntryPoint\",\"urlTemplate\":\"https:\\\/\\\/altalenaitaly.com\\\/?s={search_term_string}\"},\"query-input\":{\"@type\":\"PropertyValueSpecification\",\"valueRequired\":true,\"valueName\":\"search_term_string\"}}],\"inLanguage\":\"en-US\"}]}<\/script>\n<!-- \/ Yoast SEO Premium plugin. -->","yoast_head_json":{"title":"Spedizioni e Consegne - Altalena Italy","robots":{"index":"index","follow":"follow","max-snippet":"max-snippet:-1","max-image-preview":"max-image-preview:large","max-video-preview":"max-video-preview:-1"},"canonical":"https:\/\/altalenaitaly.com\/?page_id=4163","og_locale":"en_US","og_type":"article","og_title":"Spedizioni e Consegne","og_description":"COVID-19 La preparazione degli ordini viene effettuata seguendo le raccomandazioni indicate dalle istituzioni di salute e sicurezza per garantire sempre la tua sicurezza, quella del nostro team e quella di tutti gli intermediari distributori che partecipano al processo.INFORMAZIONI GENERALI Tutti gli ordini vengono preparati e spediti una volta che il pagamento \u00e8 stato effettuato e [&hellip;]","og_url":"https:\/\/altalenaitaly.com\/?page_id=4163&lang=it","og_site_name":"Altalena Italy","article_publisher":"https:\/\/www.facebook.com\/Altalena-Italy-323694341670693","article_modified_time":"2020-12-02T11:54:08+00:00","twitter_card":"summary_large_image","twitter_misc":{"Est. reading time":"4 minutes"},"schema":{"@context":"https:\/\/schema.org","@graph":[{"@type":"WebPage","@id":"https:\/\/altalenaitaly.com\/?page_id=4163&lang=it","url":"https:\/\/altalenaitaly.com\/?page_id=4163&lang=it","name":"Spedizioni e Consegne - Altalena Italy","isPartOf":{"@id":"https:\/\/altalenaitaly.com\/#website"},"datePublished":"2020-11-02T15:45:09+00:00","dateModified":"2020-12-02T11:54:08+00:00","breadcrumb":{"@id":"https:\/\/altalenaitaly.com\/?page_id=4163&lang=it#breadcrumb"},"inLanguage":"en-US","potentialAction":[{"@type":"ReadAction","target":["https:\/\/altalenaitaly.com\/?page_id=4163&lang=it"]}]},{"@type":"BreadcrumbList","@id":"https:\/\/altalenaitaly.com\/?page_id=4163&lang=it#breadcrumb","itemListElement":[{"@type":"ListItem","position":1,"name":"Home","item":"https:\/\/altalenaitaly.com\/"},{"@type":"ListItem","position":2,"name":"Informazioni","item":"https:\/\/altalenaitaly.com\/?page_id=101"},{"@type":"ListItem","position":3,"name":"Spedizioni e Consegne"}]},{"@type":"WebSite","@id":"https:\/\/altalenaitaly.com\/#website","url":"https:\/\/altalenaitaly.com\/","name":"Altalena Italy","description":"Jewelry","potentialAction":[{"@type":"SearchAction","target":{"@type":"EntryPoint","urlTemplate":"https:\/\/altalenaitaly.com\/?s={search_term_string}"},"query-input":{"@type":"PropertyValueSpecification","valueRequired":true,"valueName":"search_term_string"}}],"inLanguage":"en-US"}]}},"_links":{"self":[{"href":"https:\/\/altalenaitaly.com\/index.php?rest_route=\/wp\/v2\/pages\/4163","targetHints":{"allow":["GET"]}}],"collection":[{"href":"https:\/\/altalenaitaly.com\/index.php?rest_route=\/wp\/v2\/pages"}],"about":[{"href":"https:\/\/altalenaitaly.com\/index.php?rest_route=\/wp\/v2\/types\/page"}],"author":[{"embeddable":true,"href":"https:\/\/altalenaitaly.com\/index.php?rest_route=\/wp\/v2\/users\/4"}],"replies":[{"embeddable":true,"href":"https:\/\/altalenaitaly.com\/index.php?rest_route=%2Fwp%2Fv2%2Fcomments&post=4163"}],"version-history":[{"count":0,"href":"https:\/\/altalenaitaly.com\/index.php?rest_route=\/wp\/v2\/pages\/4163\/revisions"}],"up":[{"embeddable":true,"href":"https:\/\/altalenaitaly.com\/index.php?rest_route=\/wp\/v2\/pages\/4133"}],"wp:attachment":[{"href":"https:\/\/altalenaitaly.com\/index.php?rest_route=%2Fwp%2Fv2%2Fmedia&parent=4163"}],"curies":[{"name":"wp","href":"https:\/\/api.w.org\/{rel}","templated":true}]}}