{"id":4137,"date":"2020-11-02T15:00:41","date_gmt":"2020-11-02T15:00:41","guid":{"rendered":"https:\/\/altalenaitaly.com\/informazioni\/metodi-di-pagamento\/"},"modified":"2020-11-02T15:00:53","modified_gmt":"2020-11-02T15:00:53","slug":"metodi-di-pagamento","status":"publish","type":"page","link":"https:\/\/altalenaitaly.com\/?page_id=4137&lang=it","title":{"rendered":"Metodi di Pagamento"},"content":{"rendered":"<p>[et_pb_section fb_built=&#8221;1&#8243; _builder_version=&#8221;4.6.5&#8243; _module_preset=&#8221;default&#8221;][et_pb_row _builder_version=&#8221;4.6.5&#8243; _module_preset=&#8221;default&#8221;][et_pb_column type=&#8221;4_4&#8243; _builder_version=&#8221;4.6.5&#8243; _module_preset=&#8221;default&#8221;][et_pb_post_title meta=&#8221;off&#8221; _builder_version=&#8221;4.6.6&#8243; _module_preset=&#8221;default&#8221; text_orientation=&#8221;center&#8221; hover_enabled=&#8221;0&#8243; title_font=&#8221;|||on|||||&#8221; sticky_enabled=&#8221;0&#8243;][\/et_pb_post_title][et_pb_text _builder_version=&#8221;4.6.5&#8243; _module_preset=&#8221;default&#8221; text_font_size=&#8221;16px&#8221; text_line_height=&#8221;1.6em&#8221; link_font=&#8221;||||on|||#000000|&#8221; link_text_color=&#8221;#000000&#8243; header_3_font=&#8221;|700|||||||&#8221;]<\/p>\n<ul>\n<li><span style=\"font-weight: 400;\"> Per effettuare il pagamento del tuo ordine puoi utilizzare carte di credito o di debito come VISA, MasterCard, American Express e altre carte internazionali. Accettiamo anche PayPal, un operatore di pagamento internazionale. Indipendentemente dal fatto che tu abbia o meno un conto PayPal, puoi anche pagare tramite questo sistema.<\/span><\/li>\n<li><span style=\"font-weight: 400;\"> Offriamo pagamenti sicuri tramite Paypal e SSL certificate.<\/span><\/li>\n<li><span style=\"font-weight: 400;\"> Il prezzo di tutti i nostri articoli \u00e8 soggetto al 22% di IVA inclusa nel prezzo.<\/span><\/li>\n<li><span style=\"font-weight: 400;\"> In caso di difficolt\u00e0 o errore al momento del pagamento, contattare il servizio clienti. Saremo lieti di aiutarti. Ma prima prova questo:<\/span><\/li>\n<\/ul>\n<p><span style=\"font-weight: 400;\">&#8211; Utilizza una carta di credito o di debito alternativa a quella che causa il problema.<br \/><\/span><span style=\"font-weight: 400;\">&#8211; Riavvia il browser e riprova.<br \/><\/span><span style=\"font-weight: 400;\">&#8211; Elimina i cookie o svuota la cache del browser e riprova.<\/span><\/p>\n<p><img decoding=\"async\" class=\"wp-image-3126 alignnone size-medium\" src=\"https:\/\/altalenaitaly.com\/wp-content\/uploads\/2020\/10\/ssl-web-segura-300x128.png\" alt=\"\" width=\"150\" \/>\u00a0<img decoding=\"async\" class=\"wp-image-3128 alignnone size-full\" src=\"https:\/\/altalenaitaly.com\/wp-content\/uploads\/2020\/10\/i100-secure.png\" alt=\"\" width=\"70\" srcset=\"https:\/\/altalenaitaly.com\/wp-content\/uploads\/2020\/10\/i100-secure.png 225w, https:\/\/altalenaitaly.com\/wp-content\/uploads\/2020\/10\/i100-secure-150x150.png 150w, https:\/\/altalenaitaly.com\/wp-content\/uploads\/2020\/10\/i100-secure-24x24.png 24w, https:\/\/altalenaitaly.com\/wp-content\/uploads\/2020\/10\/i100-secure-36x36.png 36w, https:\/\/altalenaitaly.com\/wp-content\/uploads\/2020\/10\/i100-secure-48x48.png 48w, https:\/\/altalenaitaly.com\/wp-content\/uploads\/2020\/10\/i100-secure-100x100.png 100w\" sizes=\"(max-width: 225px) 100vw, 225px\" \/><\/p>\n<p>[\/et_pb_text][et_pb_text _builder_version=&#8221;4.6.5&#8243; _module_preset=&#8221;default&#8221; text_font_size=&#8221;16px&#8221; text_line_height=&#8221;1.6em&#8221; link_font=&#8221;||||on|||#000000|&#8221; link_text_color=&#8221;#000000&#8243; header_3_font=&#8221;|700|||||||&#8221;]<\/p>\n<p><b>ORDINI<\/b><\/p>\n<ul>\n<li><span style=\"font-weight: 400;\"> Prepariamo il tuo ordine una volta ricevuto il pagamento. Controlliamo attentamente ciascuno dei nostri gioielli prima di inviarli, quindi il tuo ordine dovrebbe arrivare in perfette condizioni. Se cos\u00ec non fosse, contatta il Servizio Clienti il \u200b\u200bprima possibile, sempre entro le prime 48 ore.<\/span><\/li>\n<li><span style=\"font-weight: 400;\"> Se durante l&#8217;invio dell&#8217;ordine hai difficolt\u00e0 a navigare nel nostro sito Web, riavvia il browser. Se i problemi persistono, contattaci e il nostro team tecnico ti aiuter\u00e0 il prima possibile.<\/span><\/li>\n<li><span style=\"font-weight: 400;\"> In caso di acquisto di pi\u00f9 articoli, per garantire la possibilit\u00e0 di spedizione gratuita, ottimizzando peso e volume, includeremo pi\u00f9 di un articolo nella stessa scatola (fino ad un massimo di 3 pezzi), garantendo la protezione dell\u2019ogni prodotto. Se preferisci ricevere ciascuno dei gioielli singolarmente nella sua scatola, abbiamo un&#8217;opzione di spedizione speciale per solo 1 \u20ac in pi\u00f9.<\/span><\/li>\n<\/ul>\n<p>[\/et_pb_text][\/et_pb_column][\/et_pb_row][\/et_pb_section]<\/p>\n","protected":false},"excerpt":{"rendered":"<p>Per effettuare il pagamento del tuo ordine puoi utilizzare carte di credito o di debito come VISA, MasterCard, American Express e altre carte internazionali. Accettiamo anche PayPal, un operatore di pagamento internazionale. Indipendentemente dal fatto che tu abbia o meno un conto PayPal, puoi anche pagare tramite questo sistema. Offriamo pagamenti sicuri tramite Paypal e [&hellip;]<\/p>\n","protected":false},"author":4,"featured_media":0,"parent":4133,"menu_order":0,"comment_status":"closed","ping_status":"closed","template":"","meta":{"_et_pb_use_builder":"on","_et_pb_old_content":"","_et_gb_content_width":"","footnotes":""},"class_list":["post-4137","page","type-page","status-publish","hentry"],"yoast_head":"<!-- This site is optimized with the Yoast SEO Premium plugin v22.1 (Yoast SEO v27.6) - https:\/\/yoast.com\/product\/yoast-seo-premium-wordpress\/ -->\n<title>Metodi di Pagamento - Altalena Italy<\/title>\n<meta name=\"robots\" content=\"index, follow, max-snippet:-1, max-image-preview:large, max-video-preview:-1\" \/>\n<link rel=\"canonical\" href=\"https:\/\/altalenaitaly.com\/?page_id=4137\" \/>\n<meta property=\"og:locale\" content=\"en_US\" \/>\n<meta property=\"og:type\" content=\"article\" \/>\n<meta property=\"og:title\" content=\"Metodi di Pagamento\" \/>\n<meta property=\"og:description\" content=\"Per effettuare il pagamento del tuo ordine puoi utilizzare carte di credito o di debito come VISA, MasterCard, American Express e altre carte internazionali. Accettiamo anche PayPal, un operatore di pagamento internazionale. Indipendentemente dal fatto che tu abbia o meno un conto PayPal, puoi anche pagare tramite questo sistema. Offriamo pagamenti sicuri tramite Paypal e [&hellip;]\" \/>\n<meta property=\"og:url\" content=\"https:\/\/altalenaitaly.com\/?page_id=4137&amp;lang=it\" \/>\n<meta property=\"og:site_name\" content=\"Altalena Italy\" \/>\n<meta property=\"article:publisher\" content=\"https:\/\/www.facebook.com\/Altalena-Italy-323694341670693\" \/>\n<meta property=\"article:modified_time\" content=\"2020-11-02T15:00:53+00:00\" \/>\n<meta property=\"og:image\" content=\"https:\/\/altalenaitaly.com\/wp-content\/uploads\/2020\/10\/ssl-web-segura-300x128.png\" \/>\n<meta name=\"twitter:card\" content=\"summary_large_image\" \/>\n<meta name=\"twitter:label1\" content=\"Est. reading time\" \/>\n\t<meta name=\"twitter:data1\" content=\"2 minutes\" \/>\n<script type=\"application\/ld+json\" class=\"yoast-schema-graph\">{\"@context\":\"https:\\\/\\\/schema.org\",\"@graph\":[{\"@type\":\"WebPage\",\"@id\":\"https:\\\/\\\/altalenaitaly.com\\\/?page_id=4137&lang=it\",\"url\":\"https:\\\/\\\/altalenaitaly.com\\\/?page_id=4137&lang=it\",\"name\":\"Metodi di Pagamento - Altalena Italy\",\"isPartOf\":{\"@id\":\"https:\\\/\\\/altalenaitaly.com\\\/#website\"},\"primaryImageOfPage\":{\"@id\":\"https:\\\/\\\/altalenaitaly.com\\\/?page_id=4137&lang=it#primaryimage\"},\"image\":{\"@id\":\"https:\\\/\\\/altalenaitaly.com\\\/?page_id=4137&lang=it#primaryimage\"},\"thumbnailUrl\":\"https:\\\/\\\/altalenaitaly.com\\\/wp-content\\\/uploads\\\/2020\\\/10\\\/ssl-web-segura-300x128.png\",\"datePublished\":\"2020-11-02T15:00:41+00:00\",\"dateModified\":\"2020-11-02T15:00:53+00:00\",\"breadcrumb\":{\"@id\":\"https:\\\/\\\/altalenaitaly.com\\\/?page_id=4137&lang=it#breadcrumb\"},\"inLanguage\":\"en-US\",\"potentialAction\":[{\"@type\":\"ReadAction\",\"target\":[\"https:\\\/\\\/altalenaitaly.com\\\/?page_id=4137&lang=it\"]}]},{\"@type\":\"ImageObject\",\"inLanguage\":\"en-US\",\"@id\":\"https:\\\/\\\/altalenaitaly.com\\\/?page_id=4137&lang=it#primaryimage\",\"url\":\"https:\\\/\\\/altalenaitaly.com\\\/wp-content\\\/uploads\\\/2020\\\/10\\\/ssl-web-segura.png\",\"contentUrl\":\"https:\\\/\\\/altalenaitaly.com\\\/wp-content\\\/uploads\\\/2020\\\/10\\\/ssl-web-segura.png\",\"width\":505,\"height\":215},{\"@type\":\"BreadcrumbList\",\"@id\":\"https:\\\/\\\/altalenaitaly.com\\\/?page_id=4137&lang=it#breadcrumb\",\"itemListElement\":[{\"@type\":\"ListItem\",\"position\":1,\"name\":\"Home\",\"item\":\"https:\\\/\\\/altalenaitaly.com\\\/\"},{\"@type\":\"ListItem\",\"position\":2,\"name\":\"Informazioni\",\"item\":\"https:\\\/\\\/altalenaitaly.com\\\/?page_id=101\"},{\"@type\":\"ListItem\",\"position\":3,\"name\":\"Metodi di Pagamento\"}]},{\"@type\":\"WebSite\",\"@id\":\"https:\\\/\\\/altalenaitaly.com\\\/#website\",\"url\":\"https:\\\/\\\/altalenaitaly.com\\\/\",\"name\":\"Altalena Italy\",\"description\":\"Jewelry\",\"potentialAction\":[{\"@type\":\"SearchAction\",\"target\":{\"@type\":\"EntryPoint\",\"urlTemplate\":\"https:\\\/\\\/altalenaitaly.com\\\/?s={search_term_string}\"},\"query-input\":{\"@type\":\"PropertyValueSpecification\",\"valueRequired\":true,\"valueName\":\"search_term_string\"}}],\"inLanguage\":\"en-US\"}]}<\/script>\n<!-- \/ Yoast SEO Premium plugin. -->","yoast_head_json":{"title":"Metodi di Pagamento - Altalena Italy","robots":{"index":"index","follow":"follow","max-snippet":"max-snippet:-1","max-image-preview":"max-image-preview:large","max-video-preview":"max-video-preview:-1"},"canonical":"https:\/\/altalenaitaly.com\/?page_id=4137","og_locale":"en_US","og_type":"article","og_title":"Metodi di Pagamento","og_description":"Per effettuare il pagamento del tuo ordine puoi utilizzare carte di credito o di debito come VISA, MasterCard, American Express e altre carte internazionali. Accettiamo anche PayPal, un operatore di pagamento internazionale. Indipendentemente dal fatto che tu abbia o meno un conto PayPal, puoi anche pagare tramite questo sistema. Offriamo pagamenti sicuri tramite Paypal e [&hellip;]","og_url":"https:\/\/altalenaitaly.com\/?page_id=4137&lang=it","og_site_name":"Altalena Italy","article_publisher":"https:\/\/www.facebook.com\/Altalena-Italy-323694341670693","article_modified_time":"2020-11-02T15:00:53+00:00","og_image":[{"url":"https:\/\/altalenaitaly.com\/wp-content\/uploads\/2020\/10\/ssl-web-segura-300x128.png","type":"","width":"","height":""}],"twitter_card":"summary_large_image","twitter_misc":{"Est. reading time":"2 minutes"},"schema":{"@context":"https:\/\/schema.org","@graph":[{"@type":"WebPage","@id":"https:\/\/altalenaitaly.com\/?page_id=4137&lang=it","url":"https:\/\/altalenaitaly.com\/?page_id=4137&lang=it","name":"Metodi di Pagamento - Altalena Italy","isPartOf":{"@id":"https:\/\/altalenaitaly.com\/#website"},"primaryImageOfPage":{"@id":"https:\/\/altalenaitaly.com\/?page_id=4137&lang=it#primaryimage"},"image":{"@id":"https:\/\/altalenaitaly.com\/?page_id=4137&lang=it#primaryimage"},"thumbnailUrl":"https:\/\/altalenaitaly.com\/wp-content\/uploads\/2020\/10\/ssl-web-segura-300x128.png","datePublished":"2020-11-02T15:00:41+00:00","dateModified":"2020-11-02T15:00:53+00:00","breadcrumb":{"@id":"https:\/\/altalenaitaly.com\/?page_id=4137&lang=it#breadcrumb"},"inLanguage":"en-US","potentialAction":[{"@type":"ReadAction","target":["https:\/\/altalenaitaly.com\/?page_id=4137&lang=it"]}]},{"@type":"ImageObject","inLanguage":"en-US","@id":"https:\/\/altalenaitaly.com\/?page_id=4137&lang=it#primaryimage","url":"https:\/\/altalenaitaly.com\/wp-content\/uploads\/2020\/10\/ssl-web-segura.png","contentUrl":"https:\/\/altalenaitaly.com\/wp-content\/uploads\/2020\/10\/ssl-web-segura.png","width":505,"height":215},{"@type":"BreadcrumbList","@id":"https:\/\/altalenaitaly.com\/?page_id=4137&lang=it#breadcrumb","itemListElement":[{"@type":"ListItem","position":1,"name":"Home","item":"https:\/\/altalenaitaly.com\/"},{"@type":"ListItem","position":2,"name":"Informazioni","item":"https:\/\/altalenaitaly.com\/?page_id=101"},{"@type":"ListItem","position":3,"name":"Metodi di Pagamento"}]},{"@type":"WebSite","@id":"https:\/\/altalenaitaly.com\/#website","url":"https:\/\/altalenaitaly.com\/","name":"Altalena Italy","description":"Jewelry","potentialAction":[{"@type":"SearchAction","target":{"@type":"EntryPoint","urlTemplate":"https:\/\/altalenaitaly.com\/?s={search_term_string}"},"query-input":{"@type":"PropertyValueSpecification","valueRequired":true,"valueName":"search_term_string"}}],"inLanguage":"en-US"}]}},"_links":{"self":[{"href":"https:\/\/altalenaitaly.com\/index.php?rest_route=\/wp\/v2\/pages\/4137","targetHints":{"allow":["GET"]}}],"collection":[{"href":"https:\/\/altalenaitaly.com\/index.php?rest_route=\/wp\/v2\/pages"}],"about":[{"href":"https:\/\/altalenaitaly.com\/index.php?rest_route=\/wp\/v2\/types\/page"}],"author":[{"embeddable":true,"href":"https:\/\/altalenaitaly.com\/index.php?rest_route=\/wp\/v2\/users\/4"}],"replies":[{"embeddable":true,"href":"https:\/\/altalenaitaly.com\/index.php?rest_route=%2Fwp%2Fv2%2Fcomments&post=4137"}],"version-history":[{"count":0,"href":"https:\/\/altalenaitaly.com\/index.php?rest_route=\/wp\/v2\/pages\/4137\/revisions"}],"up":[{"embeddable":true,"href":"https:\/\/altalenaitaly.com\/index.php?rest_route=\/wp\/v2\/pages\/4133"}],"wp:attachment":[{"href":"https:\/\/altalenaitaly.com\/index.php?rest_route=%2Fwp%2Fv2%2Fmedia&parent=4137"}],"curies":[{"name":"wp","href":"https:\/\/api.w.org\/{rel}","templated":true}]}}