{"id":4134,"date":"2020-11-02T14:57:36","date_gmt":"2020-11-02T14:57:36","guid":{"rendered":"https:\/\/altalenaitaly.com\/informazioni\/cura-dei-gioielli\/"},"modified":"2020-11-02T14:57:47","modified_gmt":"2020-11-02T14:57:47","slug":"cura-dei-gioielli","status":"publish","type":"page","link":"https:\/\/altalenaitaly.com\/?page_id=4134&lang=it","title":{"rendered":"Cura dei gioielli"},"content":{"rendered":"<p>[et_pb_section fb_built=&#8221;1&#8243; _builder_version=&#8221;4.6.5&#8243; _module_preset=&#8221;default&#8221;][et_pb_row _builder_version=&#8221;4.6.5&#8243; _module_preset=&#8221;default&#8221;][et_pb_column type=&#8221;4_4&#8243; _builder_version=&#8221;4.6.5&#8243; _module_preset=&#8221;default&#8221;][et_pb_post_title meta=&#8221;off&#8221; _builder_version=&#8221;4.6.6&#8243; _module_preset=&#8221;default&#8221; text_orientation=&#8221;center&#8221; hover_enabled=&#8221;0&#8243; title_font=&#8221;|||on|||||&#8221; sticky_enabled=&#8221;0&#8243;][\/et_pb_post_title][et_pb_text _builder_version=&#8221;4.6.6&#8243; _module_preset=&#8221;default&#8221; text_font_size=&#8221;16px&#8221; text_line_height=&#8221;1.6em&#8221; link_font=&#8221;||||on|||#000000|&#8221; link_text_color=&#8221;#000000&#8243; header_3_font=&#8221;|700|||||||&#8221; hover_enabled=&#8221;0&#8243; text_font=&#8221;|300|||||||&#8221; sticky_enabled=&#8221;0&#8243;]<\/p>\n<p><span style=\"font-weight: 400;\">In Altalena lavoriamo con l&#8217;Argento sterling.<\/span><\/p>\n<p><span style=\"font-weight: 400;\">Affinch\u00e9 i tuoi gioielli mantengano il loro splendore e lucentezza, ecco alcuni consigli utili su come prendersene cura e mantenerlo<\/span><\/p>\n<p><b>CONSERVAZIONE DELLA LUMINOSIT\u00c0<\/b><\/p>\n<p><span style=\"font-weight: 400;\">Tutti i nostri pezzi placcati in oro hanno un trattamento per preservare il colore e la sua luminosit\u00e0 pi\u00f9 a lungo, ma \u00e8 normale che nel tempo si perda.<\/span><\/p>\n<p><span style=\"font-weight: 400;\">Il PH della nostra pelle influenza in particolare la durata e lo stato del gioiello, soprattutto quelli con bagni, In alcuni casi, il nostro PH pu\u00f2 rendere il gioiello pi\u00f9 scuro. Questo \u00e8 il motivo per cui ti consigliamo di non usarli mentre svolgi attivit\u00e0 che comportano la sudorazione della pelle e anche di toglierli per dormire.<\/span><\/p>\n<p><span style=\"font-weight: 400;\">Evitare sempre il contatto del pezzo con prodotti cosmetici o chimici, \u00e8 importante non mettere su di essi profumo, alcool o derivati, nonch\u00e9 evitare il contatto del gioiello con l&#8217;acqua, soprattutto delle piscine e del mare. Per la conservazione del bagno d&#8217;oro \u00e8 fondamentale non bagnare i gioielli, poich\u00e9 ridurrebbe la durata del bagno e comporterebbe la perdita della garanzia.<\/span><\/p>\n<p><b>COME PULIRE I TUOI GIOIELLI<\/b><\/p>\n<p><span style=\"font-weight: 400;\">Se vuoi ridare lucentezza ai tuoi gioielli in Argento, devi semplicemente strofinarli delicatamente con uno specifico camoscio in microfibra o un panno di cotone. Per pulirli puoi usare una piccola quantit\u00e0 di sapone neutro mescolato con acqua tiepida e strofinare delicatamente il tuo gioiello con una spazzola morbida.<\/span><\/p>\n<p><span style=\"font-weight: 400;\">I pezzi placcati in oro richiedono maggiore cura per evitare l&#8217;usura del bagno. \u00c8 importante che la sua pulizia venga eseguita senza strofinare intensamente, poich\u00e9 pu\u00f2 generare la perdita del bagno. Utilizzare un panno di cotone o uno specifico camoscio in microfibra per pulire i gioielli, senza applicare alcun liquido o prodotto<\/span><\/p>\n<p><b>COME SALVARE I TUOI GIOIELLI<\/b><\/p>\n<p><span style=\"font-weight: 400;\">Si prega di notare che le scatole ALTALENA non sono progettate per mantenere gli oggetti in perfette condizioni per lunghi periodi di tempo, in quanto non sono contenitori ermetici e il colore pu\u00f2 essere alterato a causa del mancato utilizzo.<\/span><\/p>\n<p><span style=\"font-weight: 400;\">Conserva i tuoi gioielli separatamente in un portagioie o in sacchetti resistenti all&#8217;ossidazione per evitare di graffiarli. Se preferisci, puoi utilizzare i sacchetti di plastica ermetici che troverai sotto l&#8217;imbottitura di ogni scatola. Non utilizzare contenitori in gomma, poich\u00e9 accelerano il processo di ossidazione dei pezzi, soprattutto quelli bagnati d&#8217;oro. Conservali in un luogo asciutto e chiuso. Quando non li utilizzi, tienili lontano da qualsiasi esposizione diretta ai raggi solari e lontano da luoghi umidi, soprattutto il bagno, poich\u00e9 accelerano il processo di perdita di lucidit\u00e0.<\/span><\/p>\n<p>&nbsp;<\/p>\n<p><b>NOTA<\/b><\/p>\n<p><span style=\"font-weight: 400;\">ALTALENA non garantisce che la placcatura in Oro e Oro Rosa dei nostri prodotti durer\u00e0 per sempre.\u00a0<\/span><\/p>\n<p><span style=\"font-weight: 400;\">I pezzi placcati in oro sono pi\u00f9 fragili. La sua durata dipender\u00e0 dall&#8217;uso di sostanze chimiche che entrano in contatto con la pelle, dal PH di ogni persona e dal livello di sudorazione del corpo. <\/span><\/p>\n<p>[\/et_pb_text][\/et_pb_column][\/et_pb_row][\/et_pb_section]<\/p>\n","protected":false},"excerpt":{"rendered":"<p>In Altalena lavoriamo con l&#8217;Argento sterling. Affinch\u00e9 i tuoi gioielli mantengano il loro splendore e lucentezza, ecco alcuni consigli utili su come prendersene cura e mantenerlo CONSERVAZIONE DELLA LUMINOSIT\u00c0 Tutti i nostri pezzi placcati in oro hanno un trattamento per preservare il colore e la sua luminosit\u00e0 pi\u00f9 a lungo, ma \u00e8 normale che nel [&hellip;]<\/p>\n","protected":false},"author":4,"featured_media":0,"parent":4133,"menu_order":0,"comment_status":"closed","ping_status":"closed","template":"","meta":{"_et_pb_use_builder":"on","_et_pb_old_content":"","_et_gb_content_width":"","footnotes":""},"class_list":["post-4134","page","type-page","status-publish","hentry"],"yoast_head":"<!-- This site is optimized with the Yoast SEO Premium plugin v22.1 (Yoast SEO v27.5) - https:\/\/yoast.com\/product\/yoast-seo-premium-wordpress\/ -->\n<title>Cura dei gioielli - Altalena Italy<\/title>\n<meta name=\"robots\" content=\"index, follow, max-snippet:-1, max-image-preview:large, max-video-preview:-1\" \/>\n<link rel=\"canonical\" href=\"https:\/\/altalenaitaly.com\/?page_id=4134\" \/>\n<meta property=\"og:locale\" content=\"en_US\" \/>\n<meta property=\"og:type\" content=\"article\" \/>\n<meta property=\"og:title\" content=\"Cura dei gioielli\" \/>\n<meta property=\"og:description\" content=\"In Altalena lavoriamo con l&#039;Argento sterling. Affinch\u00e9 i tuoi gioielli mantengano il loro splendore e lucentezza, ecco alcuni consigli utili su come prendersene cura e mantenerlo CONSERVAZIONE DELLA LUMINOSIT\u00c0 Tutti i nostri pezzi placcati in oro hanno un trattamento per preservare il colore e la sua luminosit\u00e0 pi\u00f9 a lungo, ma \u00e8 normale che nel [&hellip;]\" \/>\n<meta property=\"og:url\" content=\"https:\/\/altalenaitaly.com\/?page_id=4134&amp;lang=it\" \/>\n<meta property=\"og:site_name\" content=\"Altalena Italy\" \/>\n<meta property=\"article:publisher\" content=\"https:\/\/www.facebook.com\/Altalena-Italy-323694341670693\" \/>\n<meta property=\"article:modified_time\" content=\"2020-11-02T14:57:47+00:00\" \/>\n<meta name=\"twitter:card\" content=\"summary_large_image\" \/>\n<meta name=\"twitter:label1\" content=\"Est. reading time\" \/>\n\t<meta name=\"twitter:data1\" content=\"3 minutes\" \/>\n<script type=\"application\/ld+json\" class=\"yoast-schema-graph\">{\"@context\":\"https:\\\/\\\/schema.org\",\"@graph\":[{\"@type\":\"WebPage\",\"@id\":\"https:\\\/\\\/altalenaitaly.com\\\/?page_id=4134&lang=it\",\"url\":\"https:\\\/\\\/altalenaitaly.com\\\/?page_id=4134&lang=it\",\"name\":\"Cura dei gioielli - Altalena Italy\",\"isPartOf\":{\"@id\":\"https:\\\/\\\/altalenaitaly.com\\\/#website\"},\"datePublished\":\"2020-11-02T14:57:36+00:00\",\"dateModified\":\"2020-11-02T14:57:47+00:00\",\"breadcrumb\":{\"@id\":\"https:\\\/\\\/altalenaitaly.com\\\/?page_id=4134&lang=it#breadcrumb\"},\"inLanguage\":\"en-US\",\"potentialAction\":[{\"@type\":\"ReadAction\",\"target\":[\"https:\\\/\\\/altalenaitaly.com\\\/?page_id=4134&lang=it\"]}]},{\"@type\":\"BreadcrumbList\",\"@id\":\"https:\\\/\\\/altalenaitaly.com\\\/?page_id=4134&lang=it#breadcrumb\",\"itemListElement\":[{\"@type\":\"ListItem\",\"position\":1,\"name\":\"Home\",\"item\":\"https:\\\/\\\/altalenaitaly.com\\\/\"},{\"@type\":\"ListItem\",\"position\":2,\"name\":\"Informazioni\",\"item\":\"https:\\\/\\\/altalenaitaly.com\\\/?page_id=101\"},{\"@type\":\"ListItem\",\"position\":3,\"name\":\"Cura dei gioielli\"}]},{\"@type\":\"WebSite\",\"@id\":\"https:\\\/\\\/altalenaitaly.com\\\/#website\",\"url\":\"https:\\\/\\\/altalenaitaly.com\\\/\",\"name\":\"Altalena Italy\",\"description\":\"Jewelry\",\"potentialAction\":[{\"@type\":\"SearchAction\",\"target\":{\"@type\":\"EntryPoint\",\"urlTemplate\":\"https:\\\/\\\/altalenaitaly.com\\\/?s={search_term_string}\"},\"query-input\":{\"@type\":\"PropertyValueSpecification\",\"valueRequired\":true,\"valueName\":\"search_term_string\"}}],\"inLanguage\":\"en-US\"}]}<\/script>\n<!-- \/ Yoast SEO Premium plugin. -->","yoast_head_json":{"title":"Cura dei gioielli - Altalena Italy","robots":{"index":"index","follow":"follow","max-snippet":"max-snippet:-1","max-image-preview":"max-image-preview:large","max-video-preview":"max-video-preview:-1"},"canonical":"https:\/\/altalenaitaly.com\/?page_id=4134","og_locale":"en_US","og_type":"article","og_title":"Cura dei gioielli","og_description":"In Altalena lavoriamo con l'Argento sterling. Affinch\u00e9 i tuoi gioielli mantengano il loro splendore e lucentezza, ecco alcuni consigli utili su come prendersene cura e mantenerlo CONSERVAZIONE DELLA LUMINOSIT\u00c0 Tutti i nostri pezzi placcati in oro hanno un trattamento per preservare il colore e la sua luminosit\u00e0 pi\u00f9 a lungo, ma \u00e8 normale che nel [&hellip;]","og_url":"https:\/\/altalenaitaly.com\/?page_id=4134&lang=it","og_site_name":"Altalena Italy","article_publisher":"https:\/\/www.facebook.com\/Altalena-Italy-323694341670693","article_modified_time":"2020-11-02T14:57:47+00:00","twitter_card":"summary_large_image","twitter_misc":{"Est. reading time":"3 minutes"},"schema":{"@context":"https:\/\/schema.org","@graph":[{"@type":"WebPage","@id":"https:\/\/altalenaitaly.com\/?page_id=4134&lang=it","url":"https:\/\/altalenaitaly.com\/?page_id=4134&lang=it","name":"Cura dei gioielli - Altalena Italy","isPartOf":{"@id":"https:\/\/altalenaitaly.com\/#website"},"datePublished":"2020-11-02T14:57:36+00:00","dateModified":"2020-11-02T14:57:47+00:00","breadcrumb":{"@id":"https:\/\/altalenaitaly.com\/?page_id=4134&lang=it#breadcrumb"},"inLanguage":"en-US","potentialAction":[{"@type":"ReadAction","target":["https:\/\/altalenaitaly.com\/?page_id=4134&lang=it"]}]},{"@type":"BreadcrumbList","@id":"https:\/\/altalenaitaly.com\/?page_id=4134&lang=it#breadcrumb","itemListElement":[{"@type":"ListItem","position":1,"name":"Home","item":"https:\/\/altalenaitaly.com\/"},{"@type":"ListItem","position":2,"name":"Informazioni","item":"https:\/\/altalenaitaly.com\/?page_id=101"},{"@type":"ListItem","position":3,"name":"Cura dei gioielli"}]},{"@type":"WebSite","@id":"https:\/\/altalenaitaly.com\/#website","url":"https:\/\/altalenaitaly.com\/","name":"Altalena Italy","description":"Jewelry","potentialAction":[{"@type":"SearchAction","target":{"@type":"EntryPoint","urlTemplate":"https:\/\/altalenaitaly.com\/?s={search_term_string}"},"query-input":{"@type":"PropertyValueSpecification","valueRequired":true,"valueName":"search_term_string"}}],"inLanguage":"en-US"}]}},"_links":{"self":[{"href":"https:\/\/altalenaitaly.com\/index.php?rest_route=\/wp\/v2\/pages\/4134","targetHints":{"allow":["GET"]}}],"collection":[{"href":"https:\/\/altalenaitaly.com\/index.php?rest_route=\/wp\/v2\/pages"}],"about":[{"href":"https:\/\/altalenaitaly.com\/index.php?rest_route=\/wp\/v2\/types\/page"}],"author":[{"embeddable":true,"href":"https:\/\/altalenaitaly.com\/index.php?rest_route=\/wp\/v2\/users\/4"}],"replies":[{"embeddable":true,"href":"https:\/\/altalenaitaly.com\/index.php?rest_route=%2Fwp%2Fv2%2Fcomments&post=4134"}],"version-history":[{"count":0,"href":"https:\/\/altalenaitaly.com\/index.php?rest_route=\/wp\/v2\/pages\/4134\/revisions"}],"up":[{"embeddable":true,"href":"https:\/\/altalenaitaly.com\/index.php?rest_route=\/wp\/v2\/pages\/4133"}],"wp:attachment":[{"href":"https:\/\/altalenaitaly.com\/index.php?rest_route=%2Fwp%2Fv2%2Fmedia&parent=4134"}],"curies":[{"name":"wp","href":"https:\/\/api.w.org\/{rel}","templated":true}]}}