{"id":4088,"date":"2020-11-02T13:34:38","date_gmt":"2020-11-02T13:34:38","guid":{"rendered":"https:\/\/altalenaitaly.com\/business\/chi-siamo\/"},"modified":"2020-12-01T23:08:33","modified_gmt":"2020-12-01T23:08:33","slug":"chi-siamo","status":"publish","type":"page","link":"https:\/\/altalenaitaly.com\/?page_id=4088&lang=it","title":{"rendered":"Chi Siamo"},"content":{"rendered":"<p>[et_pb_section fb_built=&#8221;1&#8243; _builder_version=&#8221;4.6.5&#8243; _module_preset=&#8221;default&#8221;][et_pb_row _builder_version=&#8221;4.6.5&#8243; _module_preset=&#8221;default&#8221;][et_pb_column type=&#8221;4_4&#8243; _builder_version=&#8221;4.6.5&#8243; _module_preset=&#8221;default&#8221;][et_pb_post_title meta=&#8221;off&#8221; _builder_version=&#8221;4.6.6&#8243; _module_preset=&#8221;default&#8221; title_font=&#8221;|||on|||||&#8221; text_orientation=&#8221;center&#8221;][\/et_pb_post_title][et_pb_text _builder_version=&#8221;4.7.4&#8243; _module_preset=&#8221;default&#8221; text_font_size=&#8221;16px&#8221; text_line_height=&#8221;1.6em&#8221; text_orientation=&#8221;center&#8221; hover_enabled=&#8221;0&#8243; sticky_enabled=&#8221;0&#8243; text_font=&#8221;Work Sans|300|||||||&#8221; width=&#8221;100%&#8221;]<\/p>\n<p style=\"text-align: justify;\">ALTALENA ITALY \u00e8 il frutto di anni di impegno, un sogno che si avvera, \u00e8 un progetto di vita che inizia a scrivere la sua storia con la nostra unione.<br \/> \u00c8 il risultato di una equilibrata combinazione tra talento creativo e passione per i gioielli, al fine di consolidare un marchio di donne e per le donne.<br \/> Crediamo nel valore dei piccoli dettagli, che ci ipnotizzano e sono il nostro incoraggiamento ad andare avanti. Scommettiamo su ci\u00f2 che amiamo, ed \u00e8 la curiosit\u00e0 di scoprire che ci porta a creare i nostri progetti.<\/p>\n<p style=\"text-align: justify;\">I nostri pilastri si basano su un design semplice ed elegante, che accompagna ed esalta l&#8217;espressione della donna di oggi e di domani in ogni situazione.<br \/> Cerchiamo di trasmettere la nostra passione per i gioielli in ciascuna delle nostre creazioni.<\/p>\n<p style=\"text-align: justify;\">Il nostro obiettivo \u00e8 che ALTALENA ITALY sia un marchio moderno, capace di adattarsi alle tendenze attuali e stabilire le sue.<\/p>\n<p>[\/et_pb_text][\/et_pb_column][\/et_pb_row][\/et_pb_section]<\/p>\n","protected":false},"excerpt":{"rendered":"<p>ALTALENA ITALY \u00e8 il frutto di anni di impegno, un sogno che si avvera, \u00e8 un progetto di vita che inizia a scrivere la sua storia con la nostra unione. \u00c8 il risultato di una equilibrata combinazione tra talento creativo e passione per i gioielli, al fine di consolidare un marchio di donne e per [&hellip;]<\/p>\n","protected":false},"author":4,"featured_media":0,"parent":4087,"menu_order":0,"comment_status":"closed","ping_status":"closed","template":"","meta":{"_et_pb_use_builder":"on","_et_pb_old_content":"","_et_gb_content_width":"","footnotes":""},"class_list":["post-4088","page","type-page","status-publish","hentry"],"yoast_head":"<!-- This site is optimized with the Yoast SEO Premium plugin v22.1 (Yoast SEO v27.6) - https:\/\/yoast.com\/product\/yoast-seo-premium-wordpress\/ -->\n<title>Chi Siamo - Altalena Italy<\/title>\n<meta name=\"robots\" content=\"index, follow, max-snippet:-1, max-image-preview:large, max-video-preview:-1\" \/>\n<link rel=\"canonical\" href=\"https:\/\/altalenaitaly.com\/?page_id=4088\" \/>\n<meta property=\"og:locale\" content=\"en_US\" \/>\n<meta property=\"og:type\" content=\"article\" \/>\n<meta property=\"og:title\" content=\"Chi Siamo\" \/>\n<meta property=\"og:description\" content=\"ALTALENA ITALY \u00e8 il frutto di anni di impegno, un sogno che si avvera, \u00e8 un progetto di vita che inizia a scrivere la sua storia con la nostra unione. \u00c8 il risultato di una equilibrata combinazione tra talento creativo e passione per i gioielli, al fine di consolidare un marchio di donne e per [&hellip;]\" \/>\n<meta property=\"og:url\" content=\"https:\/\/altalenaitaly.com\/?page_id=4088&amp;lang=it\" \/>\n<meta property=\"og:site_name\" content=\"Altalena Italy\" \/>\n<meta property=\"article:publisher\" content=\"https:\/\/www.facebook.com\/Altalena-Italy-323694341670693\" \/>\n<meta property=\"article:modified_time\" content=\"2020-12-01T23:08:33+00:00\" \/>\n<meta name=\"twitter:card\" content=\"summary_large_image\" \/>\n<meta name=\"twitter:label1\" content=\"Est. reading time\" \/>\n\t<meta name=\"twitter:data1\" content=\"1 minute\" \/>\n<script type=\"application\/ld+json\" class=\"yoast-schema-graph\">{\"@context\":\"https:\\\/\\\/schema.org\",\"@graph\":[{\"@type\":\"WebPage\",\"@id\":\"https:\\\/\\\/altalenaitaly.com\\\/?page_id=4088&lang=it\",\"url\":\"https:\\\/\\\/altalenaitaly.com\\\/?page_id=4088&lang=it\",\"name\":\"Chi Siamo - Altalena Italy\",\"isPartOf\":{\"@id\":\"https:\\\/\\\/altalenaitaly.com\\\/#website\"},\"datePublished\":\"2020-11-02T13:34:38+00:00\",\"dateModified\":\"2020-12-01T23:08:33+00:00\",\"breadcrumb\":{\"@id\":\"https:\\\/\\\/altalenaitaly.com\\\/?page_id=4088&lang=it#breadcrumb\"},\"inLanguage\":\"en-US\",\"potentialAction\":[{\"@type\":\"ReadAction\",\"target\":[\"https:\\\/\\\/altalenaitaly.com\\\/?page_id=4088&lang=it\"]}]},{\"@type\":\"BreadcrumbList\",\"@id\":\"https:\\\/\\\/altalenaitaly.com\\\/?page_id=4088&lang=it#breadcrumb\",\"itemListElement\":[{\"@type\":\"ListItem\",\"position\":1,\"name\":\"Home\",\"item\":\"https:\\\/\\\/altalenaitaly.com\\\/\"},{\"@type\":\"ListItem\",\"position\":2,\"name\":\"Business\",\"item\":\"https:\\\/\\\/altalenaitaly.com\\\/?page_id=434\"},{\"@type\":\"ListItem\",\"position\":3,\"name\":\"Chi Siamo\"}]},{\"@type\":\"WebSite\",\"@id\":\"https:\\\/\\\/altalenaitaly.com\\\/#website\",\"url\":\"https:\\\/\\\/altalenaitaly.com\\\/\",\"name\":\"Altalena Italy\",\"description\":\"Jewelry\",\"potentialAction\":[{\"@type\":\"SearchAction\",\"target\":{\"@type\":\"EntryPoint\",\"urlTemplate\":\"https:\\\/\\\/altalenaitaly.com\\\/?s={search_term_string}\"},\"query-input\":{\"@type\":\"PropertyValueSpecification\",\"valueRequired\":true,\"valueName\":\"search_term_string\"}}],\"inLanguage\":\"en-US\"}]}<\/script>\n<!-- \/ Yoast SEO Premium plugin. -->","yoast_head_json":{"title":"Chi Siamo - Altalena Italy","robots":{"index":"index","follow":"follow","max-snippet":"max-snippet:-1","max-image-preview":"max-image-preview:large","max-video-preview":"max-video-preview:-1"},"canonical":"https:\/\/altalenaitaly.com\/?page_id=4088","og_locale":"en_US","og_type":"article","og_title":"Chi Siamo","og_description":"ALTALENA ITALY \u00e8 il frutto di anni di impegno, un sogno che si avvera, \u00e8 un progetto di vita che inizia a scrivere la sua storia con la nostra unione. \u00c8 il risultato di una equilibrata combinazione tra talento creativo e passione per i gioielli, al fine di consolidare un marchio di donne e per [&hellip;]","og_url":"https:\/\/altalenaitaly.com\/?page_id=4088&lang=it","og_site_name":"Altalena Italy","article_publisher":"https:\/\/www.facebook.com\/Altalena-Italy-323694341670693","article_modified_time":"2020-12-01T23:08:33+00:00","twitter_card":"summary_large_image","twitter_misc":{"Est. reading time":"1 minute"},"schema":{"@context":"https:\/\/schema.org","@graph":[{"@type":"WebPage","@id":"https:\/\/altalenaitaly.com\/?page_id=4088&lang=it","url":"https:\/\/altalenaitaly.com\/?page_id=4088&lang=it","name":"Chi Siamo - Altalena Italy","isPartOf":{"@id":"https:\/\/altalenaitaly.com\/#website"},"datePublished":"2020-11-02T13:34:38+00:00","dateModified":"2020-12-01T23:08:33+00:00","breadcrumb":{"@id":"https:\/\/altalenaitaly.com\/?page_id=4088&lang=it#breadcrumb"},"inLanguage":"en-US","potentialAction":[{"@type":"ReadAction","target":["https:\/\/altalenaitaly.com\/?page_id=4088&lang=it"]}]},{"@type":"BreadcrumbList","@id":"https:\/\/altalenaitaly.com\/?page_id=4088&lang=it#breadcrumb","itemListElement":[{"@type":"ListItem","position":1,"name":"Home","item":"https:\/\/altalenaitaly.com\/"},{"@type":"ListItem","position":2,"name":"Business","item":"https:\/\/altalenaitaly.com\/?page_id=434"},{"@type":"ListItem","position":3,"name":"Chi Siamo"}]},{"@type":"WebSite","@id":"https:\/\/altalenaitaly.com\/#website","url":"https:\/\/altalenaitaly.com\/","name":"Altalena Italy","description":"Jewelry","potentialAction":[{"@type":"SearchAction","target":{"@type":"EntryPoint","urlTemplate":"https:\/\/altalenaitaly.com\/?s={search_term_string}"},"query-input":{"@type":"PropertyValueSpecification","valueRequired":true,"valueName":"search_term_string"}}],"inLanguage":"en-US"}]}},"_links":{"self":[{"href":"https:\/\/altalenaitaly.com\/index.php?rest_route=\/wp\/v2\/pages\/4088","targetHints":{"allow":["GET"]}}],"collection":[{"href":"https:\/\/altalenaitaly.com\/index.php?rest_route=\/wp\/v2\/pages"}],"about":[{"href":"https:\/\/altalenaitaly.com\/index.php?rest_route=\/wp\/v2\/types\/page"}],"author":[{"embeddable":true,"href":"https:\/\/altalenaitaly.com\/index.php?rest_route=\/wp\/v2\/users\/4"}],"replies":[{"embeddable":true,"href":"https:\/\/altalenaitaly.com\/index.php?rest_route=%2Fwp%2Fv2%2Fcomments&post=4088"}],"version-history":[{"count":0,"href":"https:\/\/altalenaitaly.com\/index.php?rest_route=\/wp\/v2\/pages\/4088\/revisions"}],"up":[{"embeddable":true,"href":"https:\/\/altalenaitaly.com\/index.php?rest_route=\/wp\/v2\/pages\/4087"}],"wp:attachment":[{"href":"https:\/\/altalenaitaly.com\/index.php?rest_route=%2Fwp%2Fv2%2Fmedia&parent=4088"}],"curies":[{"name":"wp","href":"https:\/\/api.w.org\/{rel}","templated":true}]}}